
{"id":1741,"date":"2021-10-25T15:24:07","date_gmt":"2021-10-25T15:24:07","guid":{"rendered":"https:\/\/quiety-wp.themetags.com\/?page_id=1741"},"modified":"2025-11-28T12:46:03","modified_gmt":"2025-11-28T12:46:03","slug":"demo","status":"publish","type":"page","link":"https:\/\/bossseo.net\/de\/demo\/","title":{"rendered":"T\u00e9l\u00e9charger Boss SEO Gratuitement"},"content":{"rendered":"<div data-elementor-type=\"wp-page\" data-elementor-id=\"1741\" class=\"elementor elementor-1741\">\n\t\t\t\t\t\t<section class=\"elementor-section elementor-top-section elementor-element elementor-element-1caf865 elementor-section-content-middle elementor-section-boxed elementor-section-height-default elementor-section-height-default\" data-id=\"1caf865\" data-element_type=\"section\" data-e-type=\"section\" data-settings=\"{&quot;background_background&quot;:&quot;classic&quot;}\">\n\t\t\t\t\t\t<div class=\"elementor-container elementor-column-gap-default\">\n\t\t\t\t\t<div class=\"elementor-column elementor-col-50 elementor-top-column elementor-element elementor-element-6a7c3e04\" data-id=\"6a7c3e04\" data-element_type=\"column\" data-e-type=\"column\">\n\t\t\t<div class=\"elementor-widget-wrap elementor-element-populated\">\n\t\t\t\t\t\t<div class=\"elementor-element elementor-element-16980d5 tt-text-align-left tt-view-stacked tt-shape-rounded tt-heading-fill-color elementor-widget elementor-widget-tt-heading\" data-id=\"16980d5\" data-element_type=\"widget\" data-e-type=\"widget\" data-widget_type=\"tt-heading.default\">\n\t\t\t\t<div class=\"elementor-widget-container\">\n\t\t\t\t\t\r\n\t\t<div class=\"section-heading style-one\">\r\n\r\n\t\t\t\t\t\t<!-- \/.icon-container -->\r\n\r\n\t\t\t\r\n\t\t\t<h2 class=\"section-title\">Boss SEO herunterladen <\/h2>\r\n\t\t\t\t\t\t\t<div class=\"description\"><p>Mit einem Klick gelangen Sie zur kostenlosen Version von Boss SEO und erfahren, wie k\u00fcnstliche Intelligenz Ihre Suchmaschinenoptimierung ver\u00e4ndern kann.<br data-start=\"779\" data-end=\"782\" \/>Keine Bankkarte erforderlich - nur Ergebnisse.<\/p><\/div>\r\n\t\t\t\t\t<\/div>\r\n\r\n\t\t\t\t\t\t<\/div>\n\t\t\t\t<\/div>\n\t\t\t\t<div class=\"elementor-element elementor-element-4df32a3 elementor-widget-divider--view-line elementor-widget elementor-widget-divider\" data-id=\"4df32a3\" data-element_type=\"widget\" data-e-type=\"widget\" data-widget_type=\"divider.default\">\n\t\t\t\t\t\t\t<div class=\"elementor-divider\">\n\t\t\t<span class=\"elementor-divider-separator\">\n\t\t\t\t\t\t<\/span>\n\t\t<\/div>\n\t\t\t\t\t\t<\/div>\n\t\t\t\t<div class=\"elementor-element elementor-element-2830e0f elementor-widget elementor-widget-html\" data-id=\"2830e0f\" data-element_type=\"widget\" data-e-type=\"widget\" data-widget_type=\"html.default\">\n\t\t\t\t\t<div class=\"why-bossseo py-10 px-6 text-center\">\r\n  <h2 class=\"text-3xl font-bold mb-8\"><span style=\"color:#4f46e5;\">\ud83e\udde0 Warum Sie Boss SEO herunterladen sollten<\/span> ?<\/h2>\r\n  <div class=\"advantages grid md:grid-cols-3 gap-8 max-w-6xl mx-auto\">\r\n    \r\n    <div class=\"advantage-item bg-white shadow-md rounded-2xl p-6 hover:shadow-lg transition\">\r\n      <div class=\"text-4xl mb-4\">\ud83d\ude80<\/div>\r\n      <h3 class=\"text-xl font-semibold mb-2\">Sparen Sie Zeit<\/h3>\r\n      <p class=\"text-gray-600\">Boss SEO automatisiert die zeitaufw\u00e4ndigsten SEO-Aufgaben: Tags, Metadaten, Struktur, Geschwindigkeit und Inhalt.<\/p>\r\n    <\/div>\r\n\r\n    <div class=\"advantage-item bg-white shadow-md rounded-2xl p-6 hover:shadow-lg transition\">\r\n      <div class=\"text-4xl mb-4\">\ud83e\udd16<\/div>\r\n      <h3 class=\"text-xl font-semibold mb-2\">Mit KI optimieren<\/h3>\r\n      <p class=\"text-gray-600\">Unsere intelligente Suchmaschine analysiert Ihre Seiten, identifiziert Chancen und f\u00fchrt Sie auf die erste Google-Seite.<\/p>\r\n    <\/div>\r\n\r\n    <div class=\"advantage-item bg-white shadow-md rounded-2xl p-6 hover:shadow-lg transition\">\r\n      <div class=\"text-4xl mb-4\">\ud83d\udcc8<\/div>\r\n      <h3 class=\"text-xl font-semibold mb-2\">Messbare Ergebnisse<\/h3>\r\n      <p class=\"text-gray-600\">Verfolgen Sie Ihre Leistung in Echtzeit und sehen Sie, wie Ihr Traffic Woche f\u00fcr Woche steigt.<\/p>\r\n    <\/div>\r\n\r\n  <\/div>\r\n<\/div>\r\n\t\t\t\t<\/div>\n\t\t\t\t\t<\/div>\n\t\t<\/div>\n\t\t\t\t<div class=\"elementor-column elementor-col-50 elementor-top-column elementor-element elementor-element-33c91a71\" data-id=\"33c91a71\" data-element_type=\"column\" data-e-type=\"column\" data-settings=\"{&quot;background_background&quot;:&quot;classic&quot;}\">\n\t\t\t<div class=\"elementor-widget-wrap elementor-element-populated\">\n\t\t\t\t\t\t<div class=\"elementor-element elementor-element-50d78874 tt-text-align-left tt-view-stacked tt-shape-rounded tt-heading-fill-color elementor-widget elementor-widget-tt-heading\" data-id=\"50d78874\" data-element_type=\"widget\" data-e-type=\"widget\" data-widget_type=\"tt-heading.default\">\n\t\t\t\t<div class=\"elementor-widget-container\">\n\t\t\t\t\t\r\n\t\t<div class=\"section-heading style-one\">\r\n\r\n\t\t\t\t\t\t<!-- \/.icon-container -->\r\n\r\n\t\t\t\r\n\t\t\t<h2 class=\"section-title\">Sie sind nur einen Klick von einer besseren Website entfernt. Testen Sie Boss SEO noch heute - kostenlos.<\/h2>\r\n\t\t\t\t\t<\/div>\r\n\r\n\t\t\t\t\t\t<\/div>\n\t\t\t\t<\/div>\n\t\t\t\t<div class=\"elementor-element elementor-element-3ea4b11e elementor-widget elementor-widget-tt-contact-form\" data-id=\"3ea4b11e\" data-element_type=\"widget\" data-e-type=\"widget\" data-widget_type=\"tt-contact-form.default\">\n\t\t\t\t<div class=\"elementor-widget-container\">\n\t\t\t\t\t\t\t<div class=\"contact-form contact-form-boxed\">\r\n\t\t\t\n<div class=\"wpcf7 no-js\" id=\"wpcf7-f1507-o1\" lang=\"en-US\" dir=\"ltr\" data-wpcf7-id=\"1507\">\n<div class=\"screen-reader-response\"><p role=\"status\" aria-live=\"polite\" aria-atomic=\"true\"><\/p> <ul><\/ul><\/div>\n<form action=\"\/de\/wp-json\/wp\/v2\/pages\/1741#wpcf7-f1507-o1\" method=\"post\" class=\"wpcf7-form init\" aria-label=\"Contact form\" novalidate=\"novalidate\" data-status=\"init\" data-trp-original-action=\"\/de\/wp-json\/wp\/v2\/pages\/1741#wpcf7-f1507-o1\">\n<fieldset class=\"hidden-fields-container\"><input type=\"hidden\" name=\"_wpcf7\" value=\"1507\" \/><input type=\"hidden\" name=\"_wpcf7_version\" value=\"6.1.4\" \/><input type=\"hidden\" name=\"_wpcf7_locale\" value=\"en_US\" \/><input type=\"hidden\" name=\"_wpcf7_unit_tag\" value=\"wpcf7-f1507-o1\" \/><input type=\"hidden\" name=\"_wpcf7_container_post\" value=\"0\" \/><input type=\"hidden\" name=\"_wpcf7_posted_data_hash\" value=\"\" \/>\n<\/fieldset>\n<div class=\"bossseo-download-form text-center max-w-2xl mx-auto py-10\">\n \n  <p class=\"text-gray-600 mb-6\">\n    F\u00fcllen Sie das folgende Formular aus, um Ihren Download-Link sofort zu erhalten.\n  <\/p>\n\n  <div class=\"grid md:grid-cols-2 gap-4 text-left\">\n    <div>\n      <input size=\"40\" maxlength=\"400\" class=\"wpcf7-form-control wpcf7-text wpcf7-validates-as-required form-control\" aria-required=\"true\" aria-invalid=\"false\" placeholder=\"Ihr Vorname\" value=\"\" type=\"text\" name=\"first-name\" \/>\n    <\/div>\n    <div>\n      <input size=\"40\" maxlength=\"400\" class=\"wpcf7-form-control wpcf7-text wpcf7-validates-as-required form-control\" aria-required=\"true\" aria-invalid=\"false\" placeholder=\"Ihr Name\" value=\"\" type=\"text\" name=\"last-name\" \/>\n    <\/div>\n    <div>\n      <input size=\"40\" maxlength=\"400\" class=\"wpcf7-form-control wpcf7-email wpcf7-validates-as-required wpcf7-text wpcf7-validates-as-email form-control\" aria-required=\"true\" aria-invalid=\"false\" placeholder=\"Ihre E-Mail-Adresse\" value=\"\" type=\"email\" name=\"your-email\" \/>\n    <\/div>\n    <div>\n      <input size=\"40\" maxlength=\"400\" class=\"wpcf7-form-control wpcf7-url wpcf7-text wpcf7-validates-as-url form-control\" aria-invalid=\"false\" placeholder=\"Ihre Website (optional)\" value=\"\" type=\"url\" name=\"website\" \/>\n    <\/div>\n  <\/div>\n\n  <div class=\"mt-6 text-left\">\n    <span class=\"wpcf7-form-control wpcf7-checkbox wpcf7-validates-as-required\"><span class=\"wpcf7-list-item first last\"><label><input type=\"checkbox\" name=\"consent[]\" value=\"J\u2019accepte de recevoir des e-mails d\u2019informations et de mise \u00e0 jour sur Boss SEO.\" \/><span class=\"wpcf7-list-item-label\">Ich stimme zu, E-Mails mit Informationen und Updates \u00fcber Boss SEO zu erhalten.<\/span><\/label><\/span><\/span>\n  <\/div>\n\n  <div class=\"mt-6\">\n    <input class=\"wpcf7-form-control wpcf7-submit has-spinner tt-btn btn-primary\" type=\"submit\" value=\"\ud83d\udce5 Kostenloser Download\" \/>\n  <\/div>\n<\/div><div class=\"wpcf7-response-output\" aria-hidden=\"true\"><\/div>\n<input type=\"hidden\" name=\"trp-form-language\" value=\"de\"\/><\/form>\n<\/div>\n\t\t<\/div>\r\n\t\t\t\t\t\t<\/div>\n\t\t\t\t<\/div>\n\t\t\t\t\t<\/div>\n\t\t<\/div>\n\t\t\t\t\t<\/div>\n\t\t<\/section>\n\t\t\t\t<\/div>","protected":false},"excerpt":{"rendered":"<p>T\u00e9l\u00e9chargez Boss SEO En un clic, acc\u00e9dez \u00e0 la version gratuite de Boss SEO et d\u00e9couvrez comment l\u2019intelligence artificielle peut transformer votre r\u00e9f\u00e9rencement.Aucune carte bancaire requise \u2013 juste des r\u00e9sultats. \ud83e\udde0 Pourquoi t\u00e9l\u00e9charger Boss SEO ? \ud83d\ude80 Gagnez du temps Boss SEO automatise les t\u00e2ches SEO les plus longues : balises, m\u00e9tadonn\u00e9es, structure, vitesse et [&hellip;]<\/p>","protected":false},"author":1,"featured_media":0,"parent":0,"menu_order":0,"comment_status":"closed","ping_status":"closed","template":"elementor_header_footer","meta":{"_acf_changed":false,"footnotes":""},"class_list":["post-1741","page","type-page","status-publish","hentry"],"acf":[],"_links":{"self":[{"href":"https:\/\/bossseo.net\/de\/wp-json\/wp\/v2\/pages\/1741","targetHints":{"allow":["GET"]}}],"collection":[{"href":"https:\/\/bossseo.net\/de\/wp-json\/wp\/v2\/pages"}],"about":[{"href":"https:\/\/bossseo.net\/de\/wp-json\/wp\/v2\/types\/page"}],"author":[{"embeddable":true,"href":"https:\/\/bossseo.net\/de\/wp-json\/wp\/v2\/users\/1"}],"replies":[{"embeddable":true,"href":"https:\/\/bossseo.net\/de\/wp-json\/wp\/v2\/comments?post=1741"}],"version-history":[{"count":7,"href":"https:\/\/bossseo.net\/de\/wp-json\/wp\/v2\/pages\/1741\/revisions"}],"predecessor-version":[{"id":18380,"href":"https:\/\/bossseo.net\/de\/wp-json\/wp\/v2\/pages\/1741\/revisions\/18380"}],"wp:attachment":[{"href":"https:\/\/bossseo.net\/de\/wp-json\/wp\/v2\/media?parent=1741"}],"curies":[{"name":"wp","href":"https:\/\/api.w.org\/{rel}","templated":true}]}}