
{"id":17491,"date":"2025-09-24T06:13:19","date_gmt":"2025-09-24T06:13:19","guid":{"rendered":"http:\/\/www.boss.quedulourd.com\/?page_id=17491"},"modified":"2025-11-28T12:38:21","modified_gmt":"2025-11-28T12:38:21","slug":"seo-e-commerce","status":"publish","type":"page","link":"https:\/\/bossseo.net\/de\/seo-e-commerce\/","title":{"rendered":"SEO E-Commerce"},"content":{"rendered":"<div data-elementor-type=\"wp-page\" data-elementor-id=\"17491\" class=\"elementor elementor-17491\">\n\t\t\t\t\t\t<section class=\"elementor-section elementor-top-section elementor-element elementor-element-3e82461 elementor-section-boxed elementor-section-height-default elementor-section-height-default\" data-id=\"3e82461\" data-element_type=\"section\" data-e-type=\"section\">\n\t\t\t\t\t\t<div class=\"elementor-container elementor-column-gap-default\">\n\t\t\t\t\t<div class=\"elementor-column elementor-col-50 elementor-top-column elementor-element elementor-element-9bb0744\" data-id=\"9bb0744\" data-element_type=\"column\" data-e-type=\"column\">\n\t\t\t<div class=\"elementor-widget-wrap elementor-element-populated\">\n\t\t\t\t\t\t<div class=\"elementor-element elementor-element-c0897d9 tt-text-align-left tt-view-stacked tt-shape-rounded tt-heading-fill-color elementor-widget elementor-widget-tt-heading\" data-id=\"c0897d9\" data-element_type=\"widget\" data-e-type=\"widget\" data-widget_type=\"tt-heading.default\">\n\t\t\t\t<div class=\"elementor-widget-container\">\n\t\t\t\t\t\r\n\t\t<div class=\"section-heading style-one\">\r\n\r\n\t\t\t\t\t\t<!-- \/.icon-container -->\r\n\r\n\t\t\t\r\n\t\t\t<h2 class=\"section-title\">Boosten Sie Ihre WooCommerce-Verk\u00e4ufe mit intelligenter SEO<\/h2>\r\n\t\t\t\t\t\t\t<div class=\"description\"><p>Boosten Sie die Verk\u00e4ufe Ihres Online-Shops mit dem Modul <strong data-start=\"251\" data-end=\"269\">SEO E-Commerce<\/strong> von <strong data-start=\"273\" data-end=\"285\">SEO-Boss<\/strong>. Speziell entworfen f\u00fcr <strong data-start=\"311\" data-end=\"326\">WooCommerce<\/strong>, Dieses Modul optimiert automatisch Ihre Produktdatenbl\u00e4tter, generiert Feeds und bietet Ihnen die M\u00f6glichkeit, Ihre Produkte zu optimieren. <strong>Google Shopping<\/strong> und wendet strukturierte Schemata an, um Ihre Suchmaschinenoptimierung und Ihre Konversionen zu verbessern.<\/p><\/div>\r\n\t\t\t\t\t<\/div>\r\n\r\n\t\t\t\t\t\t<\/div>\n\t\t\t\t<\/div>\n\t\t\t\t<div class=\"elementor-element elementor-element-7edce55 elementor-widget elementor-widget-heading\" data-id=\"7edce55\" data-element_type=\"widget\" data-e-type=\"widget\" data-widget_type=\"heading.default\">\n\t\t\t\t\t<h2 class=\"elementor-heading-title elementor-size-default\">Erweiterte E-Commerce-SEO-Funktionen<\/h2>\t\t\t\t<\/div>\n\t\t\t\t<div class=\"elementor-element elementor-element-92ab164 elementor-widget elementor-widget-tt-list\" data-id=\"92ab164\" data-element_type=\"widget\" data-e-type=\"widget\" data-widget_type=\"tt-list.default\">\n\t\t\t\t<div class=\"elementor-widget-container\">\n\t\t\t\t\t\t  <ul class=\"tt__list\">\r\n\t\t  \t\t\t<li class=\"list-item\">\r\n\t\t\t\t\r\n\t\t\t\t  <i aria-hidden=\"true\" class=\"fas fa-check-circle\"><\/i>\r\n\t\t\t\t<span class=\"list-text\"><strong>Automatische Optimierung von Produktkarten : <\/strong>Verbessert Titel, Beschreibungen und Metadaten f\u00fcr eine bessere Platzierung bei Google.<\/span>\r\n\r\n\t\t\t\t  \t\t\t<\/li>\r\n\r\n\t\t  \t\t\t<li class=\"list-item\">\r\n\t\t\t\t\r\n\t\t\t\t  <i aria-hidden=\"true\" class=\"fas fa-check-circle\"><\/i>\r\n\t\t\t\t<span class=\"list-text\"><strong>Automatische Product\/Offer-Schemata : <\/strong>F\u00fcgen Sie ganz einfach strukturierte Tags f\u00fcr Produkte und Angebote hinzu, um Rich Snippets zu verbessern.<\/span>\r\n\r\n\t\t\t\t  \t\t\t<\/li>\r\n\r\n\t\t  \t\t\t<li class=\"list-item\">\r\n\t\t\t\t\r\n\t\t\t\t  <i aria-hidden=\"true\" class=\"fas fa-check-circle\"><\/i>\r\n\t\t\t\t<span class=\"list-text\"><strong>Google Shopping-Feed :<\/strong> Synchronisieren Sie Ihre Produkte mit Google, um die Sichtbarkeit Ihrer Anzeigen zu maximieren.<\/span>\r\n\r\n\t\t\t\t  \t\t\t<\/li>\r\n\r\n\t\t  \t\t\t<li class=\"list-item\">\r\n\t\t\t\t\r\n\t\t\t\t  <i aria-hidden=\"true\" class=\"fas fa-check-circle\"><\/i>\r\n\t\t\t\t<span class=\"list-text\"><strong>SEO-Analyse der Kategorien :<\/strong> Optimieren Sie die Kategorieseiten, um mehr qualifizierten Traffic anzuziehen.<\/span>\r\n\r\n\t\t\t\t  \t\t\t<\/li>\r\n\r\n\t\t  \t\t\t<li class=\"list-item\">\r\n\t\t\t\t\r\n\t\t\t\t  <i aria-hidden=\"true\" class=\"fas fa-check-circle\"><\/i>\r\n\t\t\t\t<span class=\"list-text\"><strong>Verwaltung von Produktmarken :<\/strong> Organisieren und optimieren Sie Ihre Marken f\u00fcr eine effektivere Suchmaschinenoptimierung.<\/span>\r\n\r\n\t\t\t\t  \t\t\t<\/li>\r\n\r\n\t\t  \t\t\t<li class=\"list-item\">\r\n\t\t\t\t\r\n\t\t\t\t  <i aria-hidden=\"true\" class=\"fas fa-check-circle\"><\/i>\r\n\t\t\t\t<span class=\"list-text\"><strong>Rich Snippets f\u00fcr Bekanntmachungen :<\/strong> Heben Sie Kundenbewertungen in den Suchergebnissen hervor, um die CTR und das Vertrauen zu steigern.<\/span>\r\n\r\n\t\t\t\t  \t\t\t<\/li>\r\n\r\n\t\t  \t  <\/ul>\r\n\t\t\t\t\t\t<\/div>\n\t\t\t\t<\/div>\n\t\t\t\t<div class=\"elementor-element elementor-element-dc625d2 elementor-widget elementor-widget-heading\" data-id=\"dc625d2\" data-element_type=\"widget\" data-e-type=\"widget\" data-widget_type=\"heading.default\">\n\t\t\t\t\t<h2 class=\"elementor-heading-title elementor-size-default\">SEO-Nutzen<\/h2>\t\t\t\t<\/div>\n\t\t\t\t<div class=\"elementor-element elementor-element-fd51fb3 elementor-widget elementor-widget-tt-list\" data-id=\"fd51fb3\" data-element_type=\"widget\" data-e-type=\"widget\" data-widget_type=\"tt-list.default\">\n\t\t\t\t<div class=\"elementor-widget-container\">\n\t\t\t\t\t\t  <ul class=\"tt__list\">\r\n\t\t  \t\t\t<li class=\"list-item\">\r\n\t\t\t\t\r\n\t\t\t\t  \t\t\t\t\t\t<i class=\"ei ei-icon_check\"><\/i>\r\n\t\t\t\t\t  \r\n\t\t\t\t<span class=\"list-text\">Erh\u00f6ht die Sichtbarkeit Ihrer Produkte auf Google und Google Shopping.<\/span>\r\n\r\n\t\t\t\t  \t\t\t<\/li>\r\n\r\n\t\t  \t\t\t<li class=\"list-item\">\r\n\t\t\t\t\r\n\t\t\t\t  \t\t\t\t\t\t<i class=\"ei ei-icon_check\"><\/i>\r\n\t\t\t\t\t  \r\n\t\t\t\t<span class=\"list-text\">Verbessert die Konversionen durch optimierte Produktbl\u00e4tter.<\/span>\r\n\r\n\t\t\t\t  \t\t\t<\/li>\r\n\r\n\t\t  \t\t\t<li class=\"list-item\">\r\n\t\t\t\t\r\n\t\t\t\t  \t\t\t\t\t\t<i class=\"ei ei-icon_check\"><\/i>\r\n\t\t\t\t\t  \r\n\t\t\t\t<span class=\"list-text\">Erzeugt qualifizierteren organischen Traffic zu Ihrem WooCommerce-Shop.<\/span>\r\n\r\n\t\t\t\t  \t\t\t<\/li>\r\n\r\n\t\t  \t\t\t<li class=\"list-item\">\r\n\t\t\t\t\r\n\t\t\t\t  \t\t\t\t\t\t<i class=\"ei ei-icon_check\"><\/i>\r\n\t\t\t\t\t  \r\n\t\t\t\t<span class=\"list-text\">Optimiert Ihre Rich Snippets, um mehr Klicks anzuziehen und das Vertrauen der Kunden zu st\u00e4rken.<\/span>\r\n\r\n\t\t\t\t  \t\t\t<\/li>\r\n\r\n\t\t  \t  <\/ul>\r\n\t\t\t\t\t\t<\/div>\n\t\t\t\t<\/div>\n\t\t\t\t<div class=\"elementor-element elementor-element-43c5ab0 elementor-arrows-position-inside elementor-pagination-position-outside elementor-widget elementor-widget-image-carousel\" data-id=\"43c5ab0\" data-element_type=\"widget\" data-e-type=\"widget\" data-settings=\"{&quot;slides_to_show&quot;:&quot;1&quot;,&quot;navigation&quot;:&quot;both&quot;,&quot;autoplay&quot;:&quot;yes&quot;,&quot;pause_on_hover&quot;:&quot;yes&quot;,&quot;pause_on_interaction&quot;:&quot;yes&quot;,&quot;autoplay_speed&quot;:5000,&quot;infinite&quot;:&quot;yes&quot;,&quot;effect&quot;:&quot;slide&quot;,&quot;speed&quot;:500}\" data-widget_type=\"image-carousel.default\">\n\t\t\t\t\t\t\t<div class=\"elementor-image-carousel-wrapper swiper\" role=\"region\" aria-roledescription=\"carousel\" aria-label=\"Bilderkarussell\" dir=\"ltr\">\n\t\t\t<div class=\"elementor-image-carousel swiper-wrapper\" aria-live=\"off\">\n\t\t\t\t\t\t\t\t<div class=\"swiper-slide\" role=\"group\" aria-roledescription=\"slide\" aria-label=\"1 von 4\"><figure class=\"swiper-slide-inner\"><img class=\"swiper-slide-image lws-optimize-lazyload\"  alt=\"SEO ecom\" ><\/figure><\/div><div class=\"swiper-slide\" role=\"group\" aria-roledescription=\"slide\" aria-label=\"2 von 4\"><figure class=\"swiper-slide-inner\"><img class=\"swiper-slide-image lws-optimize-lazyload\"  alt=\"SEO ecom1\" ><\/figure><\/div><div class=\"swiper-slide\" role=\"group\" aria-roledescription=\"slide\" aria-label=\"3 von 4\"><figure class=\"swiper-slide-inner\"><img class=\"swiper-slide-image lws-optimize-lazyload\"  alt=\"SEO ecom3\" ><\/figure><\/div><div class=\"swiper-slide\" role=\"group\" aria-roledescription=\"slide\" aria-label=\"4 von 4\"><figure class=\"swiper-slide-inner\"><img class=\"swiper-slide-image lws-optimize-lazyload\"  alt=\"SEO eCOM4\" ><\/figure><\/div>\t\t\t<\/div>\n\t\t\t\t\t\t\t\t\t\t\t\t<div class=\"elementor-swiper-button elementor-swiper-button-prev\" role=\"button\" tabindex=\"0\">\n\t\t\t\t\t\t<svg aria-hidden=\"true\" class=\"e-font-icon-svg e-eicon-chevron-left\" viewbox=\"0 0 1000 1000\" xmlns=\"http:\/\/www.w3.org\/2000\/svg\"><path d=\"M646 125C629 125 613 133 604 142L308 442C296 454 292 471 292 487 292 504 296 521 308 533L604 854C617 867 629 875 646 875 663 875 679 871 692 858 704 846 713 829 713 812 713 796 708 779 692 767L438 487 692 225C700 217 708 204 708 187 708 171 704 154 692 142 675 129 663 125 646 125Z\"><\/path><\/svg>\t\t\t\t\t<\/div>\n\t\t\t\t\t<div class=\"elementor-swiper-button elementor-swiper-button-next\" role=\"button\" tabindex=\"0\">\n\t\t\t\t\t\t<svg aria-hidden=\"true\" class=\"e-font-icon-svg e-eicon-chevron-right\" viewbox=\"0 0 1000 1000\" xmlns=\"http:\/\/www.w3.org\/2000\/svg\"><path d=\"M696 533C708 521 713 504 713 487 713 471 708 454 696 446L400 146C388 133 375 125 354 125 338 125 325 129 313 142 300 154 292 171 292 187 292 204 296 221 308 233L563 492 304 771C292 783 288 800 288 817 288 833 296 850 308 863 321 871 338 875 354 875 371 875 388 867 400 854L696 533Z\"><\/path><\/svg>\t\t\t\t\t<\/div>\n\t\t\t\t\n\t\t\t\t\t\t\t\t\t<div class=\"swiper-pagination\"><\/div>\n\t\t\t\t\t\t\t\t\t<\/div>\n\t\t\t\t\t\t<\/div>\n\t\t\t\t\t<\/div>\n\t\t<\/div>\n\t\t\t\t<div class=\"elementor-column elementor-col-50 elementor-top-column elementor-element elementor-element-a3c548b height-max-content sticky-sidebar\" data-id=\"a3c548b\" data-element_type=\"column\" data-e-type=\"column\" data-settings=\"{&quot;background_background&quot;:&quot;classic&quot;}\">\n\t\t\t<div class=\"elementor-widget-wrap elementor-element-populated\">\n\t\t\t\t\t<div class=\"elementor-background-overlay\"><\/div>\n\t\t\t\t\t\t<div class=\"elementor-element elementor-element-8ce201b elementor-widget elementor-widget-tt-contact-form\" data-id=\"8ce201b\" data-element_type=\"widget\" data-e-type=\"widget\" data-widget_type=\"tt-contact-form.default\">\n\t\t\t\t<div class=\"elementor-widget-container\">\n\t\t\t\t\t\t\t<div class=\"contact-form contact-form-boxed\">\r\n\t\t\t\t\t\t\t<h3 class=\"contact-form-title\">Apply for Integration<\/h3>\r\n\t\t\t\n<div class=\"wpcf7 no-js\" id=\"wpcf7-f1507-o1\" lang=\"en-US\" dir=\"ltr\" data-wpcf7-id=\"1507\">\n<div class=\"screen-reader-response\"><p role=\"status\" aria-live=\"polite\" aria-atomic=\"true\"><\/p> <ul><\/ul><\/div>\n<form action=\"\/de\/wp-json\/wp\/v2\/pages\/17491#wpcf7-f1507-o1\" method=\"post\" class=\"wpcf7-form init\" aria-label=\"Contact form\" novalidate=\"novalidate\" data-status=\"init\" data-trp-original-action=\"\/de\/wp-json\/wp\/v2\/pages\/17491#wpcf7-f1507-o1\">\n<fieldset class=\"hidden-fields-container\"><input type=\"hidden\" name=\"_wpcf7\" value=\"1507\" \/><input type=\"hidden\" name=\"_wpcf7_version\" value=\"6.1.4\" \/><input type=\"hidden\" name=\"_wpcf7_locale\" value=\"en_US\" \/><input type=\"hidden\" name=\"_wpcf7_unit_tag\" value=\"wpcf7-f1507-o1\" \/><input type=\"hidden\" name=\"_wpcf7_container_post\" value=\"0\" \/><input type=\"hidden\" name=\"_wpcf7_posted_data_hash\" value=\"\" \/>\n<\/fieldset>\n<div class=\"bossseo-download-form text-center max-w-2xl mx-auto py-10\">\n \n  <p class=\"text-gray-600 mb-6\">\n    F\u00fcllen Sie das folgende Formular aus, um Ihren Download-Link sofort zu erhalten.\n  <\/p>\n\n  <div class=\"grid md:grid-cols-2 gap-4 text-left\">\n    <div>\n      <input size=\"40\" maxlength=\"400\" class=\"wpcf7-form-control wpcf7-text wpcf7-validates-as-required form-control\" aria-required=\"true\" aria-invalid=\"false\" placeholder=\"Ihr Vorname\" value=\"\" type=\"text\" name=\"first-name\" \/>\n    <\/div>\n    <div>\n      <input size=\"40\" maxlength=\"400\" class=\"wpcf7-form-control wpcf7-text wpcf7-validates-as-required form-control\" aria-required=\"true\" aria-invalid=\"false\" placeholder=\"Ihr Name\" value=\"\" type=\"text\" name=\"last-name\" \/>\n    <\/div>\n    <div>\n      <input size=\"40\" maxlength=\"400\" class=\"wpcf7-form-control wpcf7-email wpcf7-validates-as-required wpcf7-text wpcf7-validates-as-email form-control\" aria-required=\"true\" aria-invalid=\"false\" placeholder=\"Ihre E-Mail-Adresse\" value=\"\" type=\"email\" name=\"your-email\" \/>\n    <\/div>\n    <div>\n      <input size=\"40\" maxlength=\"400\" class=\"wpcf7-form-control wpcf7-url wpcf7-text wpcf7-validates-as-url form-control\" aria-invalid=\"false\" placeholder=\"Ihre Website (optional)\" value=\"\" type=\"url\" name=\"website\" \/>\n    <\/div>\n  <\/div>\n\n  <div class=\"mt-6 text-left\">\n    <span class=\"wpcf7-form-control wpcf7-checkbox wpcf7-validates-as-required\"><span class=\"wpcf7-list-item first last\"><label><input type=\"checkbox\" name=\"consent[]\" value=\"J\u2019accepte de recevoir des e-mails d\u2019informations et de mise \u00e0 jour sur Boss SEO.\" \/><span class=\"wpcf7-list-item-label\">Ich stimme zu, E-Mails mit Informationen und Updates \u00fcber Boss SEO zu erhalten.<\/span><\/label><\/span><\/span>\n  <\/div>\n\n  <div class=\"mt-6\">\n    <input class=\"wpcf7-form-control wpcf7-submit has-spinner tt-btn btn-primary\" type=\"submit\" value=\"\ud83d\udce5 Kostenloser Download\" \/>\n  <\/div>\n<\/div><div class=\"wpcf7-response-output\" aria-hidden=\"true\"><\/div>\n<input type=\"hidden\" name=\"trp-form-language\" value=\"de\"\/><\/form>\n<\/div>\n\t\t<\/div>\r\n\t\t\t\t\t\t<\/div>\n\t\t\t\t<\/div>\n\t\t\t\t\t<\/div>\n\t\t<\/div>\n\t\t\t\t\t<\/div>\n\t\t<\/section>\n\t\t\t\t<section class=\"elementor-section elementor-top-section elementor-element elementor-element-bf7d11b elementor-section-boxed elementor-section-height-default elementor-section-height-default\" data-id=\"bf7d11b\" data-element_type=\"section\" data-e-type=\"section\" data-settings=\"{&quot;background_background&quot;:&quot;classic&quot;}\">\n\t\t\t\t\t\t<div class=\"elementor-container elementor-column-gap-default\">\n\t\t\t\t\t<div class=\"elementor-column elementor-col-100 elementor-top-column elementor-element elementor-element-b225ccd\" data-id=\"b225ccd\" data-element_type=\"column\" data-e-type=\"column\" data-settings=\"{&quot;background_background&quot;:&quot;classic&quot;}\">\n\t\t\t<div class=\"elementor-widget-wrap elementor-element-populated\">\n\t\t\t\t\t\t<div class=\"elementor-element elementor-element-9c04652 tt-view-stacked tt-shape-rounded tt-text-align-center tt-heading-fill-color elementor-widget elementor-widget-tt-heading\" data-id=\"9c04652\" data-element_type=\"widget\" data-e-type=\"widget\" data-widget_type=\"tt-heading.default\">\n\t\t\t\t<div class=\"elementor-widget-container\">\n\t\t\t\t\t\r\n\t\t<div class=\"section-heading style-one\">\r\n\r\n\t\t\t\t\t\t<!-- \/.icon-container -->\r\n\r\n\t\t\t\t\t\t\t<h3 class=\"subtitle\">\ud83d\ude80 Boosten Sie Ihre SEO noch heute!<\/h3>\r\n\t\t\t\r\n\t\t\t<h2 class=\"section-title\">Beginnen Sie Ihren kostenlosen 30-Tage-Test<\/h2>\r\n\t\t\t\t\t\t\t<div class=\"description\"><p>Laden Sie Boss SEO kostenlos herunter und beginnen Sie mit wenigen Klicks, Ihre WordPress-Seite zu optimieren.<\/p><\/div>\r\n\t\t\t\t\t<\/div>\r\n\r\n\t\t\t\t\t\t<\/div>\n\t\t\t\t<\/div>\n\t\t\t\t<div class=\"elementor-element elementor-element-b3d29b3 elementor-widget elementor-widget-tt-dual-button\" data-id=\"b3d29b3\" data-element_type=\"widget\" data-e-type=\"widget\" data-widget_type=\"tt-dual-button.default\">\n\t\t\t\t<div class=\"elementor-widget-container\">\n\t\t\t\t\t\r\n\t\t<div class=\"tt-button-container tt-inline\">\r\n\r\n\t\t\t\t\t\t\t<div class=\"tt-button-wrapper tt-button-primary\">\r\n\t\t\t\t\t<a href=\"\/de\/kontakt\/\" class=\"tt-btn tt-btn-one btn-default btn-md\">\r\n\t\t\t\t\t\t<span class=\"tt-btn-content-wrapper\">\r\n\t\t\t\t\t\t\t\t\t\t\t\t\t\t<span class=\"tt-btn__text\">\ud83d\udce5 Kostenloser Download<\/span>\r\n\t\t\t\t\t\t<\/span>\r\n\t\t\t\t\t\t<!-- \/.tt-btn-content-wrapper -->\r\n\t\t\t\t\t<\/a>\r\n\t\t\t\t<\/div>\r\n\t\t\t\r\n\t\t\t\t\t\t\t<div class=\"tt-button-wrapper\">\r\n\t\t\t\t\t\t\t\t\t\t\t<a href=\"http:\/\/www.youtube.com\/watch?v=hAP2QF--2Dg\" class=\"play-button btn-fill\" rel=\"noopener\" target=\"_blank\">\r\n\t\t\t\t\t\t\t<i class=\"fas fa-play\"><\/i>How It Works\r\n\t\t\t\t\t\t<\/a>\r\n\t\t\t\t\t\t\t\t\t<\/div>\r\n\t\t\t\t\t<\/div>\r\n\t\t<!-- \/.tt-btn-wrapper -->\r\n\t\t\t\t\t<\/div>\n\t\t\t\t<\/div>\n\t\t\t\t<div class=\"elementor-element elementor-element-305dd63 elementor-widget elementor-widget-tt-list\" data-id=\"305dd63\" data-element_type=\"widget\" data-e-type=\"widget\" data-widget_type=\"tt-list.default\">\n\t\t\t\t<div class=\"elementor-widget-container\">\n\t\t\t\t\t\t  <ul class=\"tt__list inline-items\">\r\n\t\t  \t\t\t<li class=\"list-item inline-item icon-shape\">\r\n\t\t\t\t\r\n\t\t\t\t  \t\t\t\t\t\t<i class=\"ei ei-icon_check\"><\/i>\r\n\t\t\t\t\t  \r\n\t\t\t\t<span class=\"list-text\">30 Tage lang kostenlos testen<\/span>\r\n\r\n\t\t\t\t  \t\t\t<\/li>\r\n\r\n\t\t  \t\t\t<li class=\"list-item inline-item icon-shape\">\r\n\t\t\t\t\r\n\t\t\t\t  \t\t\t\t\t\t<i class=\"ei ei-icon_check\"><\/i>\r\n\t\t\t\t\t  \r\n\t\t\t\t<span class=\"list-text\">Keine Kreditkarte erforderlich<\/span>\r\n\r\n\t\t\t\t  \t\t\t<\/li>\r\n\r\n\t\t  \t\t\t<li class=\"list-item inline-item icon-shape\">\r\n\t\t\t\t\r\n\t\t\t\t  \t\t\t\t\t\t<i class=\"ei ei-icon_check\"><\/i>\r\n\t\t\t\t\t  \r\n\t\t\t\t<span class=\"list-text\">Unterst\u00fctzung rund um die Uhr, 7 Tage die Woche<\/span>\r\n\r\n\t\t\t\t  \t\t\t<\/li>\r\n\r\n\t\t  \t  <\/ul>\r\n\t\t\t\t\t\t<\/div>\n\t\t\t\t<\/div>\n\t\t\t\t\t<\/div>\n\t\t<\/div>\n\t\t\t\t\t<\/div>\n\t\t<\/section>\n\t\t\t\t<\/div>","protected":false},"excerpt":{"rendered":"<p>Boostez vos ventes WooCommerce avec un SEO intelligent Boostez les ventes de votre boutique en ligne gr\u00e2ce au module SEO E-commerce de Boss SEO. Con\u00e7u sp\u00e9cialement pour WooCommerce, ce module optimise automatiquement vos fiches produits, g\u00e9n\u00e8re des flux Google Shopping et applique des sch\u00e9mas structur\u00e9s pour am\u00e9liorer votre r\u00e9f\u00e9rencement et vos conversions. Fonctionnalit\u00e9s SEO E-commerce [&hellip;]<\/p>","protected":false},"author":2,"featured_media":18344,"parent":0,"menu_order":0,"comment_status":"closed","ping_status":"closed","template":"elementor_header_footer","meta":{"_acf_changed":false,"footnotes":""},"class_list":["post-17491","page","type-page","status-publish","has-post-thumbnail","hentry"],"acf":[],"_links":{"self":[{"href":"https:\/\/bossseo.net\/de\/wp-json\/wp\/v2\/pages\/17491","targetHints":{"allow":["GET"]}}],"collection":[{"href":"https:\/\/bossseo.net\/de\/wp-json\/wp\/v2\/pages"}],"about":[{"href":"https:\/\/bossseo.net\/de\/wp-json\/wp\/v2\/types\/page"}],"author":[{"embeddable":true,"href":"https:\/\/bossseo.net\/de\/wp-json\/wp\/v2\/users\/2"}],"replies":[{"embeddable":true,"href":"https:\/\/bossseo.net\/de\/wp-json\/wp\/v2\/comments?post=17491"}],"version-history":[{"count":11,"href":"https:\/\/bossseo.net\/de\/wp-json\/wp\/v2\/pages\/17491\/revisions"}],"predecessor-version":[{"id":18373,"href":"https:\/\/bossseo.net\/de\/wp-json\/wp\/v2\/pages\/17491\/revisions\/18373"}],"wp:featuredmedia":[{"embeddable":true,"href":"https:\/\/bossseo.net\/de\/wp-json\/wp\/v2\/media\/18344"}],"wp:attachment":[{"href":"https:\/\/bossseo.net\/de\/wp-json\/wp\/v2\/media?parent=17491"}],"curies":[{"name":"wp","href":"https:\/\/api.w.org\/{rel}","templated":true}]}}