
{"id":18,"date":"2021-10-07T12:23:07","date_gmt":"2021-10-07T12:23:07","guid":{"rendered":"https:\/\/quiety-wp.themetags.com\/?page_id=18"},"modified":"2025-09-25T00:33:53","modified_gmt":"2025-09-25T00:33:53","slug":"service","status":"publish","type":"page","link":"https:\/\/bossseo.net\/de\/service\/","title":{"rendered":"Unsere Dienstleistungen"},"content":{"rendered":"<div data-elementor-type=\"wp-page\" data-elementor-id=\"18\" class=\"elementor elementor-18\">\n\t\t\t\t\t\t<section class=\"elementor-section elementor-top-section elementor-element elementor-element-cf7a71d elementor-section-boxed elementor-section-height-default elementor-section-height-default\" data-id=\"cf7a71d\" data-element_type=\"section\" data-e-type=\"section\" data-settings=\"{&quot;background_background&quot;:&quot;classic&quot;}\">\n\t\t\t\t\t\t<div class=\"elementor-container elementor-column-gap-default\">\n\t\t\t\t\t<div class=\"elementor-column elementor-col-100 elementor-top-column elementor-element elementor-element-6216ed03\" data-id=\"6216ed03\" data-element_type=\"column\" data-e-type=\"column\">\n\t\t\t<div class=\"elementor-widget-wrap elementor-element-populated\">\n\t\t\t\t\t\t<div class=\"elementor-element elementor-element-6a6c6c91 elementor-widget elementor-widget-quiety_heading\" data-id=\"6a6c6c91\" data-element_type=\"widget\" data-e-type=\"widget\" data-widget_type=\"quiety_heading.default\">\n\t\t\t\t<div class=\"elementor-widget-container\">\n\t\t\t\t\t            <a  class=\"highlighted-icon\">\r\n                                <span>Services Boss SEO<\/span>\r\n                                    <span class=\"ms-1\">\r\n                        <svg xmlns=\"http:\/\/www.w3.org\/2000\/svg\" width=\"40\" height=\"12\" viewbox=\"0 0 40 12\" fill=\"none\"><path d=\"M35.6572 8.39481C32.9168 8.89679 30.3536 9.35885 27.7979 9.86083C27.6132 9.89505 27.4587 10.2601 27.0441 10.7735C28.2691 11.0017 29.2002 11.2812 30.1387 11.344C32.6152 11.4466 35.0955 11.4466 37.572 11.4866C37.8738 11.5143 38.1767 11.499 38.4767 11.4409C39.4756 11.1614 39.7771 10.186 39.2306 8.87398C38.9797 8.25089 38.6797 7.67624 38.3372 7.16267C37.0531 5.2308 35.7501 3.32935 34.4283 1.45833C34.1215 1.09177 33.792 0.770839 33.4445 0.5C33.3804 3.39781 35.2878 4.19641 35.7062 6.50667C35.3631 6.404 35.0767 6.35266 34.7977 6.23857C24.6203 2.01165 14.4882 2.468 4.36732 6.57513C3.32224 7.0285 2.29419 7.5674 1.28772 8.18946C0.756229 8.50319 0.300133 9.07933 0.590374 10.0776C0.880619 11.0759 1.39703 11.0245 1.96998 10.648C8.71345 6.08455 15.8791 5.56546 23.0787 5.71377C26.8348 5.76222 30.5761 6.4317 34.2361 7.71029C34.6771 7.87001 35.1068 8.12671 35.6572 8.39481Z\" fill=\"#EF3D3D\"><\/path><\/svg>                    <\/span>\r\n                            <\/a>\r\n            \t\t\t\t<\/div>\n\t\t\t\t<\/div>\n\t\t\t\t<div class=\"elementor-element elementor-element-128c51af elementor-widget elementor-widget-heading\" data-id=\"128c51af\" data-element_type=\"widget\" data-e-type=\"widget\" data-widget_type=\"heading.default\">\n\t\t\t\t\t<div class=\"elementor-heading-title elementor-size-default\">Solutions SEO professionnelles pour propulser votre visibilit\u00e9 en ligne et maximiser votre croissance digitale<\/div>\t\t\t\t<\/div>\n\t\t\t\t\t<\/div>\n\t\t<\/div>\n\t\t\t\t\t<\/div>\n\t\t<\/section>\n\t\t\t\t<section class=\"elementor-section elementor-top-section elementor-element elementor-element-43a96610 elementor-section-boxed elementor-section-height-default elementor-section-height-default\" data-id=\"43a96610\" data-element_type=\"section\" data-e-type=\"section\" data-settings=\"{&quot;background_background&quot;:&quot;classic&quot;}\">\n\t\t\t\t\t\t<div class=\"elementor-container elementor-column-gap-default\">\n\t\t\t\t\t<div class=\"elementor-column elementor-col-50 elementor-top-column elementor-element elementor-element-3aacc903\" data-id=\"3aacc903\" data-element_type=\"column\" data-e-type=\"column\" data-settings=\"{&quot;background_background&quot;:&quot;classic&quot;}\">\n\t\t\t<div class=\"elementor-widget-wrap elementor-element-populated\">\n\t\t\t\t\t\t<div class=\"elementor-element elementor-element-5add9b76 elementor-widget elementor-widget-heading\" data-id=\"5add9b76\" data-element_type=\"widget\" data-e-type=\"widget\" data-widget_type=\"heading.default\">\n\t\t\t\t\t<h4 class=\"elementor-heading-title elementor-size-default\">SEO-Beratung<\/h4>\t\t\t\t<\/div>\n\t\t\t\t<div class=\"elementor-element elementor-element-2ee3c408 elementor-widget elementor-widget-text-editor\" data-id=\"2ee3c408\" data-element_type=\"widget\" data-e-type=\"widget\" data-widget_type=\"text-editor.default\">\n\t\t\t\t\t\t\t\t\t<p>Expertise SEO personnalis\u00e9e pour optimiser votre strat\u00e9gie digitale et former vos \u00e9quipes aux meilleures pratiques du r\u00e9f\u00e9rencement naturel.<\/p>\t\t\t\t\t\t\t\t<\/div>\n\t\t\t\t<div class=\"elementor-element elementor-element-5039694a elementor-align-left elementor-widget elementor-widget-button\" data-id=\"5039694a\" data-element_type=\"widget\" data-e-type=\"widget\" data-widget_type=\"button.default\">\n\t\t\t\t\t\t\t\t\t\t<a class=\"elementor-button elementor-button-link elementor-size-sm\" href=\"https:\/\/bossseo.net\/de\/seo-consulting\/\" rel=\"noopener\" target=\"_blank\">\n\t\t\t\t\t\t<span class=\"elementor-button-content-wrapper\">\n\t\t\t\t\t\t<span class=\"elementor-button-icon\">\n\t\t\t\t<svg aria-hidden=\"true\" class=\"e-font-icon-svg e-fas-arrow-right\" viewbox=\"0 0 448 512\" xmlns=\"http:\/\/www.w3.org\/2000\/svg\"><path d=\"M190.5 66.9l22.2-22.2c9.4-9.4 24.6-9.4 33.9 0L441 239c9.4 9.4 9.4 24.6 0 33.9L246.6 467.3c-9.4 9.4-24.6 9.4-33.9 0l-22.2-22.2c-9.5-9.5-9.3-25 .4-34.3L311.4 296H24c-13.3 0-24-10.7-24-24v-32c0-13.3 10.7-24 24-24h287.4L190.9 101.2c-9.8-9.3-10-24.8-.4-34.3z\"><\/path><\/svg>\t\t\t<\/span>\n\t\t\t\t\t\t\t\t\t<span class=\"elementor-button-text\">Mehr erkunden<\/span>\n\t\t\t\t\t<\/span>\n\t\t\t\t\t<\/a>\n\t\t\t\t\t\t\t\t<\/div>\n\t\t\t\t<div class=\"elementor-element elementor-element-499ac311 elementor-widget__width-initial elementor-widget elementor-widget-image\" data-id=\"499ac311\" data-element_type=\"widget\" data-e-type=\"widget\" data-widget_type=\"image.default\">\n\t\t\t\t\t\t\t\t\t\t\t\t\t\t\t<img fetchpriority=\"high\" width=\"400\" height=\"393\"  class=\"attachment-full size-full wp-image-7402 lws-optimize-lazyload\" alt=\"\" srcset=\"https:\/\/bossseo.net\/wp-content\/uploads\/2023\/02\/01.png 400w, https:\/\/bossseo.net\/wp-content\/uploads\/2023\/02\/01-150x147.png 150w\" sizes=\"(max-width: 400px) 100vw, 400px\" >\t\t\t\t\t\t\t\t\t\t\t\t\t\t\t<\/div>\n\t\t\t\t\t<\/div>\n\t\t<\/div>\n\t\t\t\t<div class=\"elementor-column elementor-col-50 elementor-top-column elementor-element elementor-element-60c2dde4\" data-id=\"60c2dde4\" data-element_type=\"column\" data-e-type=\"column\">\n\t\t\t<div class=\"elementor-widget-wrap elementor-element-populated\">\n\t\t\t\t\t\t<section class=\"elementor-section elementor-inner-section elementor-element elementor-element-67aed0f0 elementor-section-boxed elementor-section-height-default elementor-section-height-default\" data-id=\"67aed0f0\" data-element_type=\"section\" data-e-type=\"section\">\n\t\t\t\t\t\t<div class=\"elementor-container elementor-column-gap-default\">\n\t\t\t\t\t<div class=\"elementor-column elementor-col-100 elementor-inner-column elementor-element elementor-element-4be35f71\" data-id=\"4be35f71\" data-element_type=\"column\" data-e-type=\"column\" data-settings=\"{&quot;background_background&quot;:&quot;classic&quot;}\">\n\t\t\t<div class=\"elementor-widget-wrap elementor-element-populated\">\n\t\t\t\t\t\t<div class=\"elementor-element elementor-element-2d7882e5 elementor-widget elementor-widget-heading\" data-id=\"2d7882e5\" data-element_type=\"widget\" data-e-type=\"widget\" data-widget_type=\"heading.default\">\n\t\t\t\t\t<h4 class=\"elementor-heading-title elementor-size-default\">Services Entreprise<\/h4>\t\t\t\t<\/div>\n\t\t\t\t<div class=\"elementor-element elementor-element-321840eb elementor-widget elementor-widget-text-editor\" data-id=\"321840eb\" data-element_type=\"widget\" data-e-type=\"widget\" data-widget_type=\"text-editor.default\">\n\t\t\t\t\t\t\t\t\t<p>Solutions SEO enterprise pour grandes organisations<br \/>n\u00e9cessitant une approche technique avanc\u00e9e <br \/>et une gestion multi-sites complexe.<\/p>\t\t\t\t\t\t\t\t<\/div>\n\t\t\t\t<div class=\"elementor-element elementor-element-35104eda elementor-align-left elementor-widget elementor-widget-button\" data-id=\"35104eda\" data-element_type=\"widget\" data-e-type=\"widget\" data-widget_type=\"button.default\">\n\t\t\t\t\t\t\t\t\t\t<a class=\"elementor-button elementor-button-link elementor-size-sm\" href=\"http:\/\/www.boss.quedulourd.com\/services-seo-entreprise\/\" rel=\"noopener\" target=\"_blank\">\n\t\t\t\t\t\t<span class=\"elementor-button-content-wrapper\">\n\t\t\t\t\t\t<span class=\"elementor-button-icon\">\n\t\t\t\t<svg aria-hidden=\"true\" class=\"e-font-icon-svg e-fas-arrow-right\" viewbox=\"0 0 448 512\" xmlns=\"http:\/\/www.w3.org\/2000\/svg\"><path d=\"M190.5 66.9l22.2-22.2c9.4-9.4 24.6-9.4 33.9 0L441 239c9.4 9.4 9.4 24.6 0 33.9L246.6 467.3c-9.4 9.4-24.6 9.4-33.9 0l-22.2-22.2c-9.5-9.5-9.3-25 .4-34.3L311.4 296H24c-13.3 0-24-10.7-24-24v-32c0-13.3 10.7-24 24-24h287.4L190.9 101.2c-9.8-9.3-10-24.8-.4-34.3z\"><\/path><\/svg>\t\t\t<\/span>\n\t\t\t\t\t\t\t\t\t<span class=\"elementor-button-text\">Mehr erkunden<\/span>\n\t\t\t\t\t<\/span>\n\t\t\t\t\t<\/a>\n\t\t\t\t\t\t\t\t<\/div>\n\t\t\t\t\t<\/div>\n\t\t<\/div>\n\t\t\t\t\t<\/div>\n\t\t<\/section>\n\t\t\t\t<section class=\"elementor-section elementor-inner-section elementor-element elementor-element-146d0c50 elementor-section-boxed elementor-section-height-default elementor-section-height-default\" data-id=\"146d0c50\" data-element_type=\"section\" data-e-type=\"section\">\n\t\t\t\t\t\t<div class=\"elementor-container elementor-column-gap-default\">\n\t\t\t\t\t<div class=\"elementor-column elementor-col-100 elementor-inner-column elementor-element elementor-element-ed05068\" data-id=\"ed05068\" data-element_type=\"column\" data-e-type=\"column\" data-settings=\"{&quot;background_background&quot;:&quot;classic&quot;}\">\n\t\t\t<div class=\"elementor-widget-wrap elementor-element-populated\">\n\t\t\t\t\t\t<div class=\"elementor-element elementor-element-5c741b7e elementor-widget elementor-widget-heading\" data-id=\"5c741b7e\" data-element_type=\"widget\" data-e-type=\"widget\" data-widget_type=\"heading.default\">\n\t\t\t\t\t<h4 class=\"elementor-heading-title elementor-size-default\">Analytics &amp; Reporting<\/h4>\t\t\t\t<\/div>\n\t\t\t\t<div class=\"elementor-element elementor-element-2a740b45 elementor-widget elementor-widget-text-editor\" data-id=\"2a740b45\" data-element_type=\"widget\" data-e-type=\"widget\" data-widget_type=\"text-editor.default\">\n\t\t\t\t\t\t\t\t\t<p>Tableaux de bord intelligents et rapports <br \/>d\u00e9taill\u00e9s pour mesurer pr\u00e9cis\u00e9ment l&rsquo;impact <br \/>de vos actions SEO et optimiser votre Entreprise.<\/p>\t\t\t\t\t\t\t\t<\/div>\n\t\t\t\t<div class=\"elementor-element elementor-element-5e921061 elementor-align-left elementor-widget elementor-widget-button\" data-id=\"5e921061\" data-element_type=\"widget\" data-e-type=\"widget\" data-widget_type=\"button.default\">\n\t\t\t\t\t\t\t\t\t\t<a class=\"elementor-button elementor-button-link elementor-size-sm\" href=\"http:\/\/www.boss.quedulourd.com\/analytics-reporting\/\" rel=\"noopener\" target=\"_blank\">\n\t\t\t\t\t\t<span class=\"elementor-button-content-wrapper\">\n\t\t\t\t\t\t<span class=\"elementor-button-icon\">\n\t\t\t\t<svg aria-hidden=\"true\" class=\"e-font-icon-svg e-fas-arrow-right\" viewbox=\"0 0 448 512\" xmlns=\"http:\/\/www.w3.org\/2000\/svg\"><path d=\"M190.5 66.9l22.2-22.2c9.4-9.4 24.6-9.4 33.9 0L441 239c9.4 9.4 9.4 24.6 0 33.9L246.6 467.3c-9.4 9.4-24.6 9.4-33.9 0l-22.2-22.2c-9.5-9.5-9.3-25 .4-34.3L311.4 296H24c-13.3 0-24-10.7-24-24v-32c0-13.3 10.7-24 24-24h287.4L190.9 101.2c-9.8-9.3-10-24.8-.4-34.3z\"><\/path><\/svg>\t\t\t<\/span>\n\t\t\t\t\t\t\t\t\t<span class=\"elementor-button-text\">Mehr erkunden<\/span>\n\t\t\t\t\t<\/span>\n\t\t\t\t\t<\/a>\n\t\t\t\t\t\t\t\t<\/div>\n\t\t\t\t\t<\/div>\n\t\t<\/div>\n\t\t\t\t\t<\/div>\n\t\t<\/section>\n\t\t\t\t\t<\/div>\n\t\t<\/div>\n\t\t\t\t\t<\/div>\n\t\t<\/section>\n\t\t\t\t<\/div>","protected":false},"excerpt":{"rendered":"<p>Services Boss SEO Solutions SEO professionnelles pour propulser votre visibilit\u00e9 en ligne et maximiser votre croissance digitale Consulting SEO Expertise SEO personnalis\u00e9e pour optimiser votre strat\u00e9gie digitale et former vos \u00e9quipes aux meilleures pratiques du r\u00e9f\u00e9rencement naturel. Explorez davantage Services Entreprise Solutions SEO enterprise pour grandes organisationsn\u00e9cessitant une approche technique avanc\u00e9e et une gestion multi-sites [&hellip;]<\/p>","protected":false},"author":1,"featured_media":0,"parent":0,"menu_order":0,"comment_status":"closed","ping_status":"closed","template":"elementor_header_footer","meta":{"_acf_changed":false,"footnotes":""},"class_list":["post-18","page","type-page","status-publish","hentry"],"acf":[],"_links":{"self":[{"href":"https:\/\/bossseo.net\/de\/wp-json\/wp\/v2\/pages\/18","targetHints":{"allow":["GET"]}}],"collection":[{"href":"https:\/\/bossseo.net\/de\/wp-json\/wp\/v2\/pages"}],"about":[{"href":"https:\/\/bossseo.net\/de\/wp-json\/wp\/v2\/types\/page"}],"author":[{"embeddable":true,"href":"https:\/\/bossseo.net\/de\/wp-json\/wp\/v2\/users\/1"}],"replies":[{"embeddable":true,"href":"https:\/\/bossseo.net\/de\/wp-json\/wp\/v2\/comments?post=18"}],"version-history":[{"count":14,"href":"https:\/\/bossseo.net\/de\/wp-json\/wp\/v2\/pages\/18\/revisions"}],"predecessor-version":[{"id":17599,"href":"https:\/\/bossseo.net\/de\/wp-json\/wp\/v2\/pages\/18\/revisions\/17599"}],"wp:attachment":[{"href":"https:\/\/bossseo.net\/de\/wp-json\/wp\/v2\/media?parent=18"}],"curies":[{"name":"wp","href":"https:\/\/api.w.org\/{rel}","templated":true}]}}