
{"id":3,"date":"2025-09-23T00:13:45","date_gmt":"2025-09-23T00:13:45","guid":{"rendered":"http:\/\/www.boss.quedulourd.com\/?page_id=3"},"modified":"2025-12-01T10:15:58","modified_gmt":"2025-12-01T10:15:58","slug":"datenschutzrichtlinie","status":"publish","type":"page","link":"https:\/\/bossseo.net\/de\/datenschutzrichtlinie\/","title":{"rendered":"Datenschutzrichtlinie - Boss SEO"},"content":{"rendered":"<h1 class=\"wp-block-heading\" data-start=\"189\" data-end=\"238\">\ud83d\udee1\ufe0f<\/h1>\r\n<p data-start=\"240\" data-end=\"284\"><strong data-start=\"240\" data-end=\"284\">Letzte Aktualisierung: [Datum hinzuf\u00fcgen].<\/strong><\/p>\r\n<p data-start=\"286\" data-end=\"546\">Diese Datenschutzrichtlinie beschreibt, wie das Plugin <strong data-start=\"352\" data-end=\"364\">SEO-Boss<\/strong> sammelt, verwendet und sch\u00fctzt Informationen, wenn es auf Ihrer WordPress-Website verwendet wird.<br data-start=\"458\" data-end=\"461\" \/>Durch die Installation oder Nutzung von Boss SEO erkl\u00e4ren Sie sich mit den unten beschriebenen Praktiken einverstanden.<\/p>\r\n<hr data-start=\"548\" data-end=\"551\" \/>\r\n<h2 data-start=\"553\" data-end=\"599\"><strong data-start=\"556\" data-end=\"599\">1. Von Boss SEO erfasste Informationen<\/strong><\/h2>\r\n<p data-start=\"601\" data-end=\"831\">SEO-Boss <strong data-start=\"610\" data-end=\"660\">sammelt keine sensiblen pers\u00f6nlichen Daten<\/strong> \u00fcber die Besucher Ihrer Website.<br data-start=\"693\" data-end=\"696\" \/>Um richtig zu funktionieren, kann das Plugin jedoch bestimmte technische Informationen verarbeiten, die mit dem Betrieb von WordPress zusammenh\u00e4ngen.<\/p>\r\n<h3 data-start=\"833\" data-end=\"870\"><strong data-start=\"837\" data-end=\"870\">a) Technische Daten der Website<\/strong><\/h3>\r\n<ul data-start=\"871\" data-end=\"1090\">\r\n<li data-start=\"871\" data-end=\"886\">\r\n<p data-start=\"873\" data-end=\"886\">URL der Seite<\/p>\r\n<\/li>\r\n<li data-start=\"887\" data-end=\"911\">\r\n<p data-start=\"889\" data-end=\"911\">WordPress-Version<\/p>\r\n<\/li>\r\n<li data-start=\"912\" data-end=\"939\">\r\n<p data-start=\"914\" data-end=\"939\">Aktives Theme und Plugins<\/p>\r\n<\/li>\r\n<li data-start=\"940\" data-end=\"980\">\r\n<p data-start=\"942\" data-end=\"980\">IDs von Seiten, Artikeln und Taxonomien<\/p>\r\n<\/li>\r\n<li data-start=\"981\" data-end=\"1024\">\r\n<p data-start=\"983\" data-end=\"1024\">Strukturparameter und Leistung<\/p>\r\n<\/li>\r\n<li data-start=\"1025\" data-end=\"1090\">\r\n<p data-start=\"1027\" data-end=\"1090\">Informationen zu Geschwindigkeit, Indexierbarkeit und technischen Fehlern<\/p>\r\n<\/li>\r\n<\/ul>\r\n<h3 data-start=\"1092\" data-end=\"1124\"><strong data-start=\"1096\" data-end=\"1124\">b) Analysierte SEO-Daten<\/strong><\/h3>\r\n<ul data-start=\"1125\" data-end=\"1326\">\r\n<li data-start=\"1125\" data-end=\"1165\">\r\n<p data-start=\"1127\" data-end=\"1165\">Titel, Meta-Beschreibungen und Tags<\/p>\r\n<\/li>\r\n<li data-start=\"1166\" data-end=\"1222\">\r\n<p data-start=\"1168\" data-end=\"1222\">Textinhalt (f\u00fcr SEO-Analyse und -Optimierung)<\/p>\r\n<\/li>\r\n<li data-start=\"1223\" data-end=\"1246\">\r\n<p data-start=\"1225\" data-end=\"1246\">Interne SEO-Scores<\/p>\r\n<\/li>\r\n<li data-start=\"1247\" data-end=\"1281\">\r\n<p data-start=\"1249\" data-end=\"1281\">Vorhandene strukturierte Daten<\/p>\r\n<\/li>\r\n<li data-start=\"1282\" data-end=\"1326\">\r\n<p data-start=\"1284\" data-end=\"1326\">Technische Probleme bei der Suchmaschinenoptimierung<\/p>\r\n<\/li>\r\n<\/ul>\r\n<p data-start=\"1328\" data-end=\"1454\">\u27a1\ufe0f <strong data-start=\"1331\" data-end=\"1392\">Diese Daten bleiben ausschlie\u00dflich auf Ihrer Seite gespeichert<\/strong> und werden von Boss SEO niemals an einen externen Server gesendet.<\/p>\r\n<hr data-start=\"1456\" data-end=\"1459\" \/>\r\n<h2 data-start=\"1461\" data-end=\"1517\"><strong data-start=\"1464\" data-end=\"1517\">2. Optionale Nutzung von KI (externe APIs)<\/strong><\/h2>\r\n<p data-start=\"1519\" data-end=\"1653\">Einige Module von Boss SEO erm\u00f6glichen die Nutzung von Diensten der k\u00fcnstlichen Intelligenz, die <strong data-start=\"1615\" data-end=\"1641\">aktivieren Sie sich selbst<\/strong>, so dass :<\/p>\r\n<ul data-start=\"1655\" data-end=\"1800\">\r\n<li data-start=\"1655\" data-end=\"1696\">\r\n<p data-start=\"1657\" data-end=\"1696\">Generierung oder Optimierung von Inhalten<\/p>\r\n<\/li>\r\n<li data-start=\"1697\" data-end=\"1725\">\r\n<p data-start=\"1699\" data-end=\"1725\">Vorschl\u00e4ge f\u00fcr Schl\u00fcsselw\u00f6rter<\/p>\r\n<\/li>\r\n<li data-start=\"1726\" data-end=\"1754\">\r\n<p data-start=\"1728\" data-end=\"1754\">Erweiterte Textanalyse<\/p>\r\n<\/li>\r\n<li data-start=\"1755\" data-end=\"1800\">\r\n<p data-start=\"1757\" data-end=\"1800\">Erstellen von KI-Bildern (nach Ihren Einstellungen)<\/p>\r\n<\/li>\r\n<\/ul>\r\n<h3 data-start=\"1802\" data-end=\"1820\">\ud83d\udd10 Wichtig:<\/h3>\r\n<ul data-start=\"1821\" data-end=\"2124\">\r\n<li data-start=\"1821\" data-end=\"1881\">\r\n<p data-start=\"1823\" data-end=\"1881\">SEO-Boss <strong data-start=\"1832\" data-end=\"1878\">sendet nie automatisch Daten<\/strong>.<\/p>\r\n<\/li>\r\n<li data-start=\"1882\" data-end=\"1957\">\r\n<p data-start=\"1884\" data-end=\"1957\">Sie w\u00e4hlen und konfigurieren Ihre APIs selbst (OpenAI, Gemini, etc.).<\/p>\r\n<\/li>\r\n<li data-start=\"1958\" data-end=\"2056\">\r\n<p data-start=\"1960\" data-end=\"2056\">Welche Daten gesendet werden, h\u00e4ngt von der API ab, die Sie verwenden (z. B. Textausz\u00fcge, die analysiert werden sollen).<\/p>\r\n<\/li>\r\n<li data-start=\"2057\" data-end=\"2124\">\r\n<p data-start=\"2059\" data-end=\"2124\">Es werden keine Daten von Boss SEO au\u00dferhalb Ihrer Website gespeichert.<\/p>\r\n<\/li>\r\n<\/ul>\r\n<hr data-start=\"2126\" data-end=\"2129\" \/>\r\n<h2 data-start=\"2131\" data-end=\"2176\"><strong data-start=\"2134\" data-end=\"2176\">3. Google Analytics 4 &amp; Search Console<\/strong><\/h2>\r\n<p data-start=\"2178\" data-end=\"2232\">Wenn Sie GA4 oder Search Console \u00fcber Boss SEO verbinden :<\/p>\r\n<ul data-start=\"2234\" data-end=\"2432\">\r\n<li data-start=\"2234\" data-end=\"2313\">\r\n<p data-start=\"2236\" data-end=\"2313\">Die Daten werden einfach in Ihrem WordPress-Dashboard angezeigt.<\/p>\r\n<\/li>\r\n<li data-start=\"2314\" data-end=\"2367\">\r\n<p data-start=\"2316\" data-end=\"2367\">Das Plugin speichert oder \u00fcbermittelt keine Daten.<\/p>\r\n<\/li>\r\n<li data-start=\"2368\" data-end=\"2432\">\r\n<p data-start=\"2370\" data-end=\"2432\">Boss SEO agiert ausschlie\u00dflich als <strong data-start=\"2401\" data-end=\"2431\">Anzeigeschnittstelle<\/strong>.<\/p>\r\n<\/li>\r\n<\/ul>\r\n<hr data-start=\"2434\" data-end=\"2437\" \/>\r\n<h2 data-start=\"2439\" data-end=\"2456\"><strong data-start=\"2442\" data-end=\"2456\">4. Cookies<\/strong><\/h2>\r\n<p data-start=\"2458\" data-end=\"2535\">SEO-Boss <strong data-start=\"2467\" data-end=\"2493\">verwendet keine Cookies<\/strong> und f\u00fcgt Ihrer Website keine Tracker hinzu.<\/p>\r\n<hr data-start=\"2537\" data-end=\"2540\" \/>\r\n<h2 data-start=\"2542\" data-end=\"2582\"><strong data-start=\"2545\" data-end=\"2582\">5. Erstellung von SEO-Berichten PDF<\/strong><\/h2>\r\n<p data-start=\"2584\" data-end=\"2626\">Bei der Erstellung eines SEO-PDF-Berichts :<\/p>\r\n<ul data-start=\"2628\" data-end=\"2779\">\r\n<li data-start=\"2628\" data-end=\"2684\">\r\n<p data-start=\"2630\" data-end=\"2684\">Die Daten stammen ausschlie\u00dflich von Ihrer Website.<\/p>\r\n<\/li>\r\n<li data-start=\"2685\" data-end=\"2722\">\r\n<p data-start=\"2687\" data-end=\"2722\">Der Bericht wird lokal erstellt.<\/p>\r\n<\/li>\r\n<li data-start=\"2723\" data-end=\"2779\">\r\n<p data-start=\"2725\" data-end=\"2779\">Es werden keine Informationen an einen externen Server gesendet.<\/p>\r\n<\/li>\r\n<\/ul>\r\n<hr data-start=\"2781\" data-end=\"2784\" \/>\r\n<h2 data-start=\"2786\" data-end=\"2804\"><strong data-start=\"2789\" data-end=\"2804\">6. Sicherheit<\/strong><\/h2>\r\n<p data-start=\"2806\" data-end=\"2853\">Boss SEO beinhaltet mehrere Sicherheitsma\u00dfnahmen :<\/p>\r\n<ul data-start=\"2855\" data-end=\"3029\">\r\n<li data-start=\"2855\" data-end=\"2889\">\r\n<p data-start=\"2857\" data-end=\"2889\">Keine externe Datenbank<\/p>\r\n<\/li>\r\n<li data-start=\"2890\" data-end=\"2933\">\r\n<p data-start=\"2892\" data-end=\"2933\">Keine Speicherung von pers\u00f6nlichen Daten<\/p>\r\n<\/li>\r\n<li data-start=\"2934\" data-end=\"2970\">\r\n<p data-start=\"2936\" data-end=\"2970\">Lokale Verarbeitung von SEO-Daten<\/p>\r\n<\/li>\r\n<li data-start=\"2971\" data-end=\"3029\">\r\n<p data-start=\"2973\" data-end=\"3029\">Einhaltung der WordPress-Berechtigungen (capabilities \/ roles)<\/p>\r\n<\/li>\r\n<\/ul>\r\n<p data-start=\"3031\" data-end=\"3153\">Wenn Sie das Plugin entfernen, h\u00f6ren alle Funktionen sofort auf und es werden keine zus\u00e4tzlichen Daten gespeichert.<\/p>\r\n<hr data-start=\"3155\" data-end=\"3158\" \/>\r\n<h2 data-start=\"3160\" data-end=\"3187\"><strong data-start=\"3163\" data-end=\"3187\">7. Ihre Rechte (DSGVO)<\/strong><\/h2>\r\n<p data-start=\"3189\" data-end=\"3234\">Sie haben insbesondere die folgenden Rechte:<\/p>\r\n<ul data-start=\"3236\" data-end=\"3405\">\r\n<li data-start=\"3236\" data-end=\"3253\">\r\n<p data-start=\"3238\" data-end=\"3253\">Recht auf Zugang<\/p>\r\n<\/li>\r\n<li data-start=\"3254\" data-end=\"3280\">\r\n<p data-start=\"3256\" data-end=\"3280\">Recht auf Berichtigung<\/p>\r\n<\/li>\r\n<li data-start=\"3281\" data-end=\"3303\">\r\n<p data-start=\"3283\" data-end=\"3303\">Recht auf Widerspruch<\/p>\r\n<\/li>\r\n<li data-start=\"3304\" data-end=\"3356\">\r\n<p data-start=\"3306\" data-end=\"3356\">Recht auf L\u00f6schung des Plugins und der IA-Module<\/p>\r\n<\/li>\r\n<li data-start=\"3357\" data-end=\"3405\">\r\n<p data-start=\"3359\" data-end=\"3405\">Recht, Ihre API-Schl\u00fcssel jederzeit zu deaktivieren<\/p>\r\n<\/li>\r\n<\/ul>\r\n<p data-start=\"3407\" data-end=\"3467\">Es werden keine Daten gespeichert, wenn Sie Boss SEO deinstallieren.<\/p>\r\n<hr data-start=\"3469\" data-end=\"3472\" \/>\r\n<h2 data-start=\"3474\" data-end=\"3491\"><strong data-start=\"3477\" data-end=\"3491\">8. Kontakt<\/strong><\/h2>\r\n<p data-start=\"3493\" data-end=\"3560\">Bei Fragen zu dieser Datenschutzrichtlinie :<\/p>\r\n<p data-start=\"3562\" data-end=\"3648\">\ud83d\udce9 <strong data-start=\"3565\" data-end=\"3588\"><a class=\"decorated-link cursor-pointer\" rel=\"noopener\" data-start=\"3567\" data-end=\"3586\">support@bossseo.net<\/a><\/strong><br data-start=\"3588\" data-end=\"3591\" \/>\ud83c\udf10 <strong data-start=\"3594\" data-end=\"3613\"><a class=\"decorated-link cursor-pointer\" target=\"_new\" rel=\"noopener\" data-start=\"3596\" data-end=\"3611\">www.bossseo.net<\/a><\/strong><\/p>\r\n<hr data-start=\"3650\" data-end=\"3653\" \/>\r\n<h1 data-start=\"3655\" data-end=\"3676\">\ud83d\udd12 <strong data-start=\"3660\" data-end=\"3676\">Kurze Zusammenfassung<\/strong><\/h1>\r\n<p data-start=\"3677\" data-end=\"3895\">Boss SEO sammelt keine pers\u00f6nlichen Daten, setzt keine Cookies, \u00fcbermittelt nichts automatisch und l\u00e4uft vollst\u00e4ndig auf Ihrer Website.<br data-start=\"3825\" data-end=\"3828\" \/>Die KI-Dienste werden nur genutzt, wenn Sie sie selbst aktivieren.<\/p>","protected":false},"excerpt":{"rendered":"<p>\ud83d\udee1\ufe0f Derni\u00e8re mise \u00e0 jour : [ajouter la date] La pr\u00e9sente politique de confidentialit\u00e9 d\u00e9crit comment le plugin Boss SEO collecte, utilise et prot\u00e8ge les informations lorsqu&rsquo;il est utilis\u00e9 sur votre site WordPress.En installant ou utilisant Boss SEO, vous acceptez les pratiques d\u00e9crites ci-dessous. 1. Informations collect\u00e9es par Boss SEO Boss SEO ne collecte aucune [&hellip;]<\/p>","protected":false},"author":1,"featured_media":0,"parent":0,"menu_order":0,"comment_status":"closed","ping_status":"open","template":"","meta":{"_acf_changed":false,"footnotes":""},"class_list":["post-3","page","type-page","status-publish","hentry"],"acf":[],"_links":{"self":[{"href":"https:\/\/bossseo.net\/de\/wp-json\/wp\/v2\/pages\/3","targetHints":{"allow":["GET"]}}],"collection":[{"href":"https:\/\/bossseo.net\/de\/wp-json\/wp\/v2\/pages"}],"about":[{"href":"https:\/\/bossseo.net\/de\/wp-json\/wp\/v2\/types\/page"}],"author":[{"embeddable":true,"href":"https:\/\/bossseo.net\/de\/wp-json\/wp\/v2\/users\/1"}],"replies":[{"embeddable":true,"href":"https:\/\/bossseo.net\/de\/wp-json\/wp\/v2\/comments?post=3"}],"version-history":[{"count":2,"href":"https:\/\/bossseo.net\/de\/wp-json\/wp\/v2\/pages\/3\/revisions"}],"predecessor-version":[{"id":18405,"href":"https:\/\/bossseo.net\/de\/wp-json\/wp\/v2\/pages\/3\/revisions\/18405"}],"wp:attachment":[{"href":"https:\/\/bossseo.net\/de\/wp-json\/wp\/v2\/media?parent=3"}],"curies":[{"name":"wp","href":"https:\/\/api.w.org\/{rel}","templated":true}]}}