
{"id":17553,"date":"2025-09-24T22:55:27","date_gmt":"2025-09-24T22:55:27","guid":{"rendered":"http:\/\/www.boss.quedulourd.com\/?page_id=17553"},"modified":"2025-11-17T20:02:49","modified_gmt":"2025-11-17T20:02:49","slug":"seo-consulting","status":"publish","type":"page","link":"https:\/\/bossseo.net\/en\/seo-consulting\/","title":{"rendered":"SEO Consulting"},"content":{"rendered":"<div data-elementor-type=\"wp-page\" data-elementor-id=\"17553\" class=\"elementor elementor-17553\">\n\t\t\t\t\t\t<section class=\"elementor-section elementor-top-section elementor-element elementor-element-5a781a9b elementor-section-boxed elementor-section-height-default elementor-section-height-default\" data-id=\"5a781a9b\" data-element_type=\"section\" data-e-type=\"section\" data-settings=\"{&quot;background_background&quot;:&quot;classic&quot;}\">\n\t\t\t\t\t\t<div class=\"elementor-container elementor-column-gap-default\">\n\t\t\t\t\t<div class=\"elementor-column elementor-col-100 elementor-top-column elementor-element elementor-element-37cb527c\" data-id=\"37cb527c\" data-element_type=\"column\" data-e-type=\"column\">\n\t\t\t<div class=\"elementor-widget-wrap elementor-element-populated\">\n\t\t\t\t\t\t<div class=\"elementor-element elementor-element-3f519865 elementor-widget elementor-widget-heading\" data-id=\"3f519865\" data-element_type=\"widget\" data-e-type=\"widget\" data-widget_type=\"heading.default\">\n\t\t\t\t\t<h3 class=\"elementor-heading-title elementor-size-default\">\ud83d\ude80 Boost your online visibility with a dedicated SEO expert<\/h3>\t\t\t\t<\/div>\n\t\t\t\t<div class=\"elementor-element elementor-element-ed2490d elementor-widget__width-initial elementor-widget elementor-widget-quiety_heading\" data-id=\"ed2490d\" data-element_type=\"widget\" data-e-type=\"widget\" data-widget_type=\"quiety_heading.default\">\n\t\t\t\t<div class=\"elementor-widget-container\">\n\t\t\t\t\t\r\n            <h1 class=\"hd-hero-title\">\r\n\t\t\t    SEO Consulting - <mark class=\"highlighted_text quiety_gradient_text\"> Expertise <\/mark> and Support <mark class=\"highlighted_text quiety_gradient_text\"> Made to measure <\/mark>\t\t    <\/h1>\r\n\r\n        \t\t\t\t<\/div>\n\t\t\t\t<\/div>\n\t\t\t\t<div class=\"elementor-element elementor-element-3fc83871 elementor-widget elementor-widget-heading\" data-id=\"3fc83871\" data-element_type=\"widget\" data-e-type=\"widget\" data-widget_type=\"heading.default\">\n\t\t\t\t\t<p class=\"elementor-heading-title elementor-size-default\">Whether you've already   <strong>an in-house SEO team <\/strong>or you're looking for an external expert to boost your results, <strong>Boss SEO<\/strong> accompanies you with <strong> SEO strategies <\/strong>and performance-oriented content marketing. We work as an extension of your team to optimize <strong>your On-Page and Off-Page SEO, develop strategic content<\/strong> and build a multi-channel strategy that enhances your visibility on the Web. <strong>Google, Bing, Yahoo, DuckDuckGo, Qwant, Baidu and Yandex.<\/strong><\/p>\t\t\t\t<\/div>\n\t\t\t\t<div class=\"elementor-element elementor-element-1f5b5632 elementor-widget elementor-widget-quiety_heading\" data-id=\"1f5b5632\" data-element_type=\"widget\" data-e-type=\"widget\" data-widget_type=\"quiety_heading.default\">\n\t\t\t\t<div class=\"elementor-widget-container\">\n\t\t\t\t\t\r\n            <h1 class=\"hd-hero-title\">\r\n\t\t\t    We are available for new personalized projects. <mark class=\"highlighted_text quiety_gradient_text\">Contact us<\/mark>\t\t    <\/h1>\r\n\r\n        \t\t\t\t<\/div>\n\t\t\t\t<\/div>\n\t\t\t\t\t<\/div>\n\t\t<\/div>\n\t\t\t\t\t<\/div>\n\t\t<\/section>\n\t\t\t\t<section class=\"elementor-section elementor-top-section elementor-element elementor-element-6d106f11 elementor-section-boxed elementor-section-height-default elementor-section-height-default\" data-id=\"6d106f11\" data-element_type=\"section\" data-e-type=\"section\" data-settings=\"{&quot;background_background&quot;:&quot;classic&quot;}\">\n\t\t\t\t\t\t<div class=\"elementor-container elementor-column-gap-default\">\n\t\t\t\t\t<div class=\"elementor-column elementor-col-100 elementor-top-column elementor-element elementor-element-2da7aaac\" data-id=\"2da7aaac\" data-element_type=\"column\" data-e-type=\"column\">\n\t\t\t<div class=\"elementor-widget-wrap elementor-element-populated\">\n\t\t\t\t\t\t<section class=\"elementor-section elementor-inner-section elementor-element elementor-element-3a9a0c77 elementor-section-full_width elementor-section-height-default elementor-section-height-default\" data-id=\"3a9a0c77\" data-element_type=\"section\" data-e-type=\"section\">\n\t\t\t\t\t\t<div class=\"elementor-container elementor-column-gap-default\">\n\t\t\t\t\t<div class=\"elementor-column elementor-col-50 elementor-inner-column elementor-element elementor-element-293bc6f\" data-id=\"293bc6f\" data-element_type=\"column\" data-e-type=\"column\">\n\t\t\t<div class=\"elementor-widget-wrap elementor-element-populated\">\n\t\t\t\t\t\t<div class=\"elementor-element elementor-element-5e7fffd6 elementor-widget elementor-widget-quiety_heading\" data-id=\"5e7fffd6\" data-element_type=\"widget\" data-e-type=\"widget\" data-widget_type=\"quiety_heading.default\">\n\t\t\t\t<div class=\"elementor-widget-container\">\n\t\t\t\t\t\r\n            <h1 class=\"hd-hero-title\">\r\n\t\t\t     With <mark class=\"highlighted_text quiety_gradient_text\">Boss SEO <\/mark> we can help you :\t\t    <\/h1>\r\n\r\n        \t\t\t\t<\/div>\n\t\t\t\t<\/div>\n\t\t\t\t<div class=\"elementor-element elementor-element-f215cb3 elementor-widget elementor-widget-heading\" data-id=\"f215cb3\" data-element_type=\"widget\" data-e-type=\"widget\" data-widget_type=\"heading.default\">\n\t\t\t\t\t<p class=\"elementor-heading-title elementor-size-default\"><div class=\"boss-seo-benefits\">\n  <p>\ud83d\udca1 <strong>Boss SEO<\/strong> is more than just a plug-in: it becomes the heart of your digital strategy, and our complementary services help you exploit its full potential. Find out how we can extend its capabilities to boost your site:<\/p>\n  \n  <ul>\n    <li>\ud83d\ude80 <strong>Improve your rankings<\/strong> and your organic traffic: thanks to advanced strategies, we use the plugin and targeted SEO techniques to maximize your visibility on all search engines.<\/li>\n    <li>\ud83c\udfaf <strong>Attracting new customers<\/strong> : optimized content, strategic keywords and enhanced user experience to turn your visitors into loyal customers.<\/li>\n    <li>\ud83d\udcb0 <strong>Develop your sales and revenues<\/strong> every action is designed to generate qualified traffic and increase your ROI, by combining plug-ins and expert support.<\/li>\n    <li>\u26a1 <strong>Optimize your site's technology<\/strong> speed, indexing, security, mobile and SXO - the plugin combined with our technical recommendations guarantees a high-performance site that complies with SEO standards.<\/li>\n    <li>\ud83d\udd17 <strong>Setting up sustainable netlinking<\/strong> backlinks : quality backlink strategies and expert monitoring to boost your site's authority and enhance your online reputation.<\/li>\n    <li>\ud83d\uddd3\ufe0f <strong>Creating an SEO editorial calendar<\/strong> : planning and optimization of regular content to generate constant traffic and build customer loyalty, using the plugin as a central tool.<\/li>\n  <\/ul>\n  \n  <p>\u2728 By combining the plugin <strong>Boss SEO<\/strong> and our advanced services, you get a complete, effective and sustainable SEO strategy, perfectly adapted to your company's objectives.<\/p>\n<\/div>\n<\/p>\t\t\t\t<\/div>\n\t\t\t\t<div class=\"elementor-element elementor-element-3d36ef0e elementor-widget__width-auto elementor-absolute elementor-widget elementor-widget-image\" data-id=\"3d36ef0e\" data-element_type=\"widget\" data-e-type=\"widget\" data-settings=\"{&quot;_position&quot;:&quot;absolute&quot;}\" data-widget_type=\"image.default\">\n\t\t\t\t\t\t\t\t\t\t\t\t\t\t\t<img width=\"165\" height=\"164\"  class=\"attachment-full size-full wp-image-14675 lws-optimize-lazyload\" alt=\"\" srcset=\"https:\/\/bossseo.net\/wp-content\/uploads\/2023\/11\/shape-10.png 165w, https:\/\/bossseo.net\/wp-content\/uploads\/2023\/11\/shape-10-150x150.png 150w\" sizes=\"(max-width: 165px) 100vw, 165px\" >\t\t\t\t\t\t\t\t\t\t\t\t\t\t\t<\/div>\n\t\t\t\t\t<\/div>\n\t\t<\/div>\n\t\t\t\t<div class=\"elementor-column elementor-col-50 elementor-inner-column elementor-element elementor-element-648dd6ca\" data-id=\"648dd6ca\" data-element_type=\"column\" data-e-type=\"column\">\n\t\t\t<div class=\"elementor-widget-wrap elementor-element-populated\">\n\t\t\t\t\t\t<div class=\"elementor-element elementor-element-20bcdc51 elementor-widget elementor-widget-image\" data-id=\"20bcdc51\" data-element_type=\"widget\" data-e-type=\"widget\" data-widget_type=\"image.default\">\n\t\t\t\t\t\t\t\t\t\t\t\t\t\t\t<img fetchpriority=\"high\" width=\"2560\" height=\"2411\"  class=\"attachment-full size-full wp-image-17783 lws-optimize-lazyload\" alt=\"\" srcset=\"https:\/\/bossseo.net\/wp-content\/uploads\/2025\/09\/searching-optimization-seo-concept-de-navigation-min-scaled.jpg 2560w, https:\/\/bossseo.net\/wp-content\/uploads\/2025\/09\/searching-optimization-seo-concept-de-navigation-min-scaled-150x141.jpg 150w, https:\/\/bossseo.net\/wp-content\/uploads\/2025\/09\/searching-optimization-seo-concept-de-navigation-min-scaled-540x509.jpg 540w, https:\/\/bossseo.net\/wp-content\/uploads\/2025\/09\/searching-optimization-seo-concept-de-navigation-min-300x283.jpg 300w, https:\/\/bossseo.net\/wp-content\/uploads\/2025\/09\/searching-optimization-seo-concept-de-navigation-min-1024x964.jpg 1024w, https:\/\/bossseo.net\/wp-content\/uploads\/2025\/09\/searching-optimization-seo-concept-de-navigation-min-768x723.jpg 768w, https:\/\/bossseo.net\/wp-content\/uploads\/2025\/09\/searching-optimization-seo-concept-de-navigation-min-1536x1447.jpg 1536w, https:\/\/bossseo.net\/wp-content\/uploads\/2025\/09\/searching-optimization-seo-concept-de-navigation-min-2048x1929.jpg 2048w\" sizes=\"(max-width: 2560px) 100vw, 2560px\" >\t\t\t\t\t\t\t\t\t\t\t\t\t\t\t<\/div>\n\t\t\t\t<div class=\"elementor-element elementor-element-3865f52a elementor-align-center elementor-widget elementor-widget-button\" data-id=\"3865f52a\" data-element_type=\"widget\" data-e-type=\"widget\" data-widget_type=\"button.default\">\n\t\t\t\t\t\t\t\t\t\t<a class=\"elementor-button elementor-button-link elementor-size-sm\" href=\"\/en\/contact\/\">\n\t\t\t\t\t\t<span class=\"elementor-button-content-wrapper\">\n\t\t\t\t\t\t\t\t\t<span class=\"elementor-button-text\">Contact us<\/span>\n\t\t\t\t\t<\/span>\n\t\t\t\t\t<\/a>\n\t\t\t\t\t\t\t\t<\/div>\n\t\t\t\t\t<\/div>\n\t\t<\/div>\n\t\t\t\t\t<\/div>\n\t\t<\/section>\n\t\t\t\t<section class=\"elementor-section elementor-inner-section elementor-element elementor-element-d40fe7a elementor-section-full_width elementor-section-height-default elementor-section-height-default\" data-id=\"d40fe7a\" data-element_type=\"section\" data-e-type=\"section\">\n\t\t\t\t\t\t<div class=\"elementor-container elementor-column-gap-default\">\n\t\t\t\t\t<div class=\"elementor-column elementor-col-50 elementor-inner-column elementor-element elementor-element-59d70cf3\" data-id=\"59d70cf3\" data-element_type=\"column\" data-e-type=\"column\">\n\t\t\t<div class=\"elementor-widget-wrap elementor-element-populated\">\n\t\t\t\t\t\t<div class=\"elementor-element elementor-element-a52289f elementor-widget elementor-widget-image\" data-id=\"a52289f\" data-element_type=\"widget\" data-e-type=\"widget\" data-widget_type=\"image.default\">\n\t\t\t\t\t\t\t\t\t\t\t\t\t\t\t<img width=\"2560\" height=\"2240\"  class=\"attachment-full size-full wp-image-17782 lws-optimize-lazyload\" alt=\"\" srcset=\"https:\/\/bossseo.net\/wp-content\/uploads\/2025\/09\/reunion-d-affaires-sur-le-referencement-min-scaled.jpg 2560w, https:\/\/bossseo.net\/wp-content\/uploads\/2025\/09\/reunion-d-affaires-sur-le-referencement-min-scaled-150x131.jpg 150w, https:\/\/bossseo.net\/wp-content\/uploads\/2025\/09\/reunion-d-affaires-sur-le-referencement-min-scaled-540x473.jpg 540w, https:\/\/bossseo.net\/wp-content\/uploads\/2025\/09\/reunion-d-affaires-sur-le-referencement-min-300x262.jpg 300w, https:\/\/bossseo.net\/wp-content\/uploads\/2025\/09\/reunion-d-affaires-sur-le-referencement-min-1024x896.jpg 1024w, https:\/\/bossseo.net\/wp-content\/uploads\/2025\/09\/reunion-d-affaires-sur-le-referencement-min-768x672.jpg 768w, https:\/\/bossseo.net\/wp-content\/uploads\/2025\/09\/reunion-d-affaires-sur-le-referencement-min-1536x1344.jpg 1536w, https:\/\/bossseo.net\/wp-content\/uploads\/2025\/09\/reunion-d-affaires-sur-le-referencement-min-2048x1792.jpg 2048w, https:\/\/bossseo.net\/wp-content\/uploads\/2025\/09\/reunion-d-affaires-sur-le-referencement-min-90x80.jpg 90w\" sizes=\"(max-width: 2560px) 100vw, 2560px\" >\t\t\t\t\t\t\t\t\t\t\t\t\t\t\t<\/div>\n\t\t\t\t\t<\/div>\n\t\t<\/div>\n\t\t\t\t<div class=\"elementor-column elementor-col-50 elementor-inner-column elementor-element elementor-element-5a6711c\" data-id=\"5a6711c\" data-element_type=\"column\" data-e-type=\"column\">\n\t\t\t<div class=\"elementor-widget-wrap elementor-element-populated\">\n\t\t\t\t\t\t<div class=\"elementor-element elementor-element-60213ce0 elementor-widget elementor-widget-quiety_heading\" data-id=\"60213ce0\" data-element_type=\"widget\" data-e-type=\"widget\" data-widget_type=\"quiety_heading.default\">\n\t\t\t\t<div class=\"elementor-widget-container\">\n\t\t\t\t\t\r\n            <h1 class=\"hd-hero-title\">\r\n\t\t\t    Training <mark class=\"highlighted_text quiety_gradient_text\">in-house teams<\/mark> \t\t    <\/h1>\r\n\r\n        \t\t\t\t<\/div>\n\t\t\t\t<\/div>\n\t\t\t\t<div class=\"elementor-element elementor-element-641f4bd5 elementor-widget elementor-widget-heading\" data-id=\"641f4bd5\" data-element_type=\"widget\" data-e-type=\"widget\" data-widget_type=\"heading.default\">\n\t\t\t\t\t<p class=\"elementor-heading-title elementor-size-default\"><div class=\"seo-training\">\n\n  <p>We offer <strong>hands-on, interactive training sessions<\/strong>designed to be both educational and directly applicable. Our programs enable your teams to <strong>master advanced SEO techniques<\/strong>covering all essential aspects:<\/p>\n  <ul>\n    <li>\ud83d\udcdd <strong>Content SEO<\/strong> : creation and optimization of relevant content to improve search engine positioning.<\/li>\n    <li>\u2699\ufe0f <strong>Technical SEO<\/strong> optimization of site architecture, speed, indexing, markup and user experience.<\/li>\n    <li>\ud83d\udd17 <strong>Netlinking and backlinks<\/strong> : effective strategies for obtaining quality inbound links and boosting your site's authority.<\/li>\n    <li>\ud83d\udcca <strong>Analytics and tracking<\/strong> SEO: use of analysis tools to measure SEO performance and adjust your actions.<\/li>\n  <\/ul>\n  <p>\ud83d\udca1 At the end of these training courses, your teams become <strong>autonomous<\/strong> and able to implement high-performance SEO strategies tailored to your business objectives.<\/p>\n<\/div>\n<\/p>\t\t\t\t<\/div>\n\t\t\t\t<div class=\"elementor-element elementor-element-4fe05a19 elementor-align-center elementor-widget elementor-widget-button\" data-id=\"4fe05a19\" data-element_type=\"widget\" data-e-type=\"widget\" data-widget_type=\"button.default\">\n\t\t\t\t\t\t\t\t\t\t<a class=\"elementor-button elementor-button-link elementor-size-sm\" href=\"\/en\/contact\/\">\n\t\t\t\t\t\t<span class=\"elementor-button-content-wrapper\">\n\t\t\t\t\t\t\t\t\t<span class=\"elementor-button-text\">Contact us<\/span>\n\t\t\t\t\t<\/span>\n\t\t\t\t\t<\/a>\n\t\t\t\t\t\t\t\t<\/div>\n\t\t\t\t\t<\/div>\n\t\t<\/div>\n\t\t\t\t\t<\/div>\n\t\t<\/section>\n\t\t\t\t\t<\/div>\n\t\t<\/div>\n\t\t\t\t\t<\/div>\n\t\t<\/section>\n\t\t\t\t<section class=\"elementor-section elementor-top-section elementor-element elementor-element-561b01be elementor-section-boxed elementor-section-height-default elementor-section-height-default\" data-id=\"561b01be\" data-element_type=\"section\" data-e-type=\"section\" data-settings=\"{&quot;background_background&quot;:&quot;classic&quot;}\">\n\t\t\t\t\t\t<div class=\"elementor-container elementor-column-gap-default\">\n\t\t\t\t\t<div class=\"elementor-column elementor-col-100 elementor-top-column elementor-element elementor-element-4ebe0b4a\" data-id=\"4ebe0b4a\" data-element_type=\"column\" data-e-type=\"column\">\n\t\t\t<div class=\"elementor-widget-wrap elementor-element-populated\">\n\t\t\t\t\t\t<section class=\"elementor-section elementor-inner-section elementor-element elementor-element-4f2f6636 elementor-section-full_width elementor-section-height-default elementor-section-height-default\" data-id=\"4f2f6636\" data-element_type=\"section\" data-e-type=\"section\">\n\t\t\t\t\t\t<div class=\"elementor-container elementor-column-gap-default\">\n\t\t\t\t\t<div class=\"elementor-column elementor-col-50 elementor-inner-column elementor-element elementor-element-7436bed3\" data-id=\"7436bed3\" data-element_type=\"column\" data-e-type=\"column\">\n\t\t\t<div class=\"elementor-widget-wrap elementor-element-populated\">\n\t\t\t\t\t\t<div class=\"elementor-element elementor-element-1cc82ce elementor-widget__width-initial elementor-widget elementor-widget-quiety_heading\" data-id=\"1cc82ce\" data-element_type=\"widget\" data-e-type=\"widget\" data-widget_type=\"quiety_heading.default\">\n\t\t\t\t<div class=\"elementor-widget-container\">\n\t\t\t\t\t\r\n            <h1 class=\"hd-hero-title\">\r\n\t\t\t    Why choose our <mark class=\"highlighted_text quiety_gradient_text\">SEO Consulting ? <\/mark>\n\t\t    <\/h1>\r\n\r\n        \t\t\t\t<\/div>\n\t\t\t\t<\/div>\n\t\t\t\t<div class=\"elementor-element elementor-element-2893bb6c elementor-widget__width-initial elementor-widget elementor-widget-heading\" data-id=\"2893bb6c\" data-element_type=\"widget\" data-e-type=\"widget\" data-widget_type=\"heading.default\">\n\t\t\t\t\t<p class=\"elementor-heading-title elementor-size-default\"><div class=\"seo-expertise p-4 rounded-lg shadow-sm\">\n\n\n  <div class=\"seo-expertise__item\" style=\"margin-bottom:0.5rem\">\n    <p style=\"margin:0\">\n      <strong>Certified expertise<\/strong> - with over <strong>10 years of experience<\/strong> in natural referencing.\n    <\/p>\n  <\/div>\n\n  <div class=\"seo-expertise__item\" style=\"margin-bottom:0.5rem\">\n    <p style=\"margin:0\">\n      <strong>Customized approach<\/strong> - adapted to your business challenges and your market.\n    <\/p>\n  <\/div>\n\n  <div class=\"seo-expertise__item\" style=\"margin-bottom:0.5rem\">\n    <p style=\"margin:0\">\n      <strong>Measurable results<\/strong> - improved visibility, increased traffic and better conversion.\n    <\/p>\n  <\/div>\n\n  <div class=\"seo-expertise__item\">\n    <p style=\"margin:0\">\n      <strong>A partner you can trust<\/strong> - we give priority to transparency, education and local support.\n    <\/p>\n  <\/div>\n<\/div>\n<\/p>\t\t\t\t<\/div>\n\t\t\t\t<div class=\"elementor-element elementor-element-64f7a62 elementor-widget elementor-widget-quiety_heading\" data-id=\"64f7a62\" data-element_type=\"widget\" data-e-type=\"widget\" data-widget_type=\"quiety_heading.default\">\n\t\t\t\t<div class=\"elementor-widget-container\">\n\t\t\t\t\t\r\n            <h1 class=\"hd-hero-title\">\r\n\t\t\t    <mark class=\"highlighted_text quiety_gradient_text\">Contact us<\/mark> today for a free audit and discover how our SEO expertise can transform your online presence. \t\t    <\/h1>\r\n\r\n        \t\t\t\t<\/div>\n\t\t\t\t<\/div>\n\t\t\t\t\t<\/div>\n\t\t<\/div>\n\t\t\t\t<div class=\"elementor-column elementor-col-50 elementor-inner-column elementor-element elementor-element-3e325e7e\" data-id=\"3e325e7e\" data-element_type=\"column\" data-e-type=\"column\" data-settings=\"{&quot;background_background&quot;:&quot;classic&quot;}\">\n\t\t\t<div class=\"elementor-widget-wrap elementor-element-populated\">\n\t\t\t\t\t\t<div class=\"elementor-element elementor-element-2ee1a669 elementor-widget elementor-widget-tt-contact-form\" data-id=\"2ee1a669\" data-element_type=\"widget\" data-e-type=\"widget\" data-widget_type=\"tt-contact-form.default\">\n\t\t\t\t<div class=\"elementor-widget-container\">\n\t\t\t\t\t\t\t<div class=\"contact-form contact-form-boxed\">\r\n\t\t\t\n<div class=\"wpcf7 no-js\" id=\"wpcf7-f1897-o1\" lang=\"en-US\" dir=\"ltr\" data-wpcf7-id=\"1897\">\n<div class=\"screen-reader-response\"><p role=\"status\" aria-live=\"polite\" aria-atomic=\"true\"><\/p> <ul><\/ul><\/div>\n<form action=\"\/en\/wp-json\/wp\/v2\/pages\/17553#wpcf7-f1897-o1\" method=\"post\" class=\"wpcf7-form init\" aria-label=\"Contact form\" novalidate=\"novalidate\" data-status=\"init\" data-trp-original-action=\"\/en\/wp-json\/wp\/v2\/pages\/17553#wpcf7-f1897-o1\">\n<fieldset class=\"hidden-fields-container\"><input type=\"hidden\" name=\"_wpcf7\" value=\"1897\" \/><input type=\"hidden\" name=\"_wpcf7_version\" value=\"6.1.4\" \/><input type=\"hidden\" name=\"_wpcf7_locale\" value=\"en_US\" \/><input type=\"hidden\" name=\"_wpcf7_unit_tag\" value=\"wpcf7-f1897-o1\" \/><input type=\"hidden\" name=\"_wpcf7_container_post\" value=\"0\" \/><input type=\"hidden\" name=\"_wpcf7_posted_data_hash\" value=\"\" \/>\n<\/fieldset>\n<div class=\"contact-form\">\n  <div class=\"row\">\n    <div class=\"col-md-6\">\n      <input size=\"40\" maxlength=\"400\" class=\"wpcf7-form-control wpcf7-text wpcf7-validates-as-required\" aria-required=\"true\" aria-invalid=\"false\" placeholder=\"Full name\" value=\"\" type=\"text\" name=\"nom\" \/>\n    <\/div>\n    <div class=\"col-md-6\">\n      <input size=\"40\" maxlength=\"400\" class=\"wpcf7-form-control wpcf7-email wpcf7-validates-as-required wpcf7-text wpcf7-validates-as-email\" aria-required=\"true\" aria-invalid=\"false\" placeholder=\"Personal e-mail address\" value=\"\" type=\"email\" name=\"email\" \/>\n    <\/div>\n\n    <div class=\"col-md-6\">\n      <input size=\"40\" maxlength=\"400\" class=\"wpcf7-form-control wpcf7-text wpcf7-validates-as-required\" aria-required=\"true\" aria-invalid=\"false\" placeholder=\"Corporate website\" value=\"\" type=\"text\" name=\"siteweb\" \/>\n    <\/div>\n    <div class=\"col-md-6\">\n      <input size=\"40\" maxlength=\"400\" class=\"wpcf7-form-control wpcf7-email wpcf7-validates-as-required wpcf7-text wpcf7-validates-as-email\" aria-required=\"true\" aria-invalid=\"false\" placeholder=\"Business e-mail address\" value=\"\" type=\"email\" name=\"emailpro\" \/>\n    <\/div>\n\n    <div class=\"col-md-6\">\n      <select class=\"wpcf7-form-control wpcf7-select wpcf7-validates-as-required\" aria-required=\"true\" aria-invalid=\"false\" name=\"budget\"><option value=\"D\u00e9butant \/ En phase de lancement\">Beginner \/ In launch phase<\/option><option value=\"Moins de 20 000 \u20ac\">Less than \u20ac20,000<\/option><option value=\"20 000 \u20ac \u00e0 50 000 \u20ac\">20 000 \u20ac \u00e0 50 000 \u20ac<\/option><option value=\"50 000 \u20ac \u00e0 100 000 \u20ac\">50 000 \u20ac \u00e0 100 000 \u20ac<\/option><option value=\"100 000 \u20ac \u00e0 500 000 \u20ac\">100 000 \u20ac \u00e0 500 000 \u20ac<\/option><option value=\"Plus de 500 000 \u20ac\">Over \u20ac500,000<\/option><\/select>\n    <\/div>\n\n    <div class=\"col-md-6\">\n      <select class=\"wpcf7-form-control wpcf7-select\" aria-invalid=\"false\" name=\"pays\"><option value=\"Pays\">Country<\/option><option value=\"France\">France<\/option><option value=\"Belgique\">Belgium<\/option><option value=\"Suisse\">Switzerland<\/option><option value=\"Canada\">Canada<\/option><option value=\"Cameroun\">Cameroon<\/option><option value=\"C\u00f4te d\u2019Ivoire\">Ivory Coast<\/option><option value=\"S\u00e9n\u00e9gal\">Senegal<\/option><option value=\"Maroc\">Morocco<\/option><option value=\"Tunisie\">Tunisia<\/option><option value=\"Alg\u00e9rie\">Algeria<\/option><option value=\"B\u00e9nin\">Benin<\/option><option value=\"Togo\">Togo<\/option><option value=\"Mali\">Mali<\/option><option value=\"Burkina Faso\">Burkina Faso<\/option><option value=\"Ha\u00efti\">Haiti<\/option><option value=\"Madagascar\">Madagascar<\/option><option value=\"R\u00e9publique D\u00e9mocratique du Congo\">Democratic Republic of Congo<\/option><option value=\"\u00c9tats-Unis\">United States<\/option><option value=\"Royaume-Uni\">United Kingdom<\/option><option value=\"Espagne\">Spain<\/option><option value=\"Allemagne\">Germany<\/option><option value=\"Italie\">Italy<\/option><option value=\"Inde\">India<\/option><option value=\"Chine\">China<\/option><option value=\"Autres\">Other<\/option><\/select>\n    <\/div>\n\n    <div class=\"col-md-12\">\n      <textarea cols=\"40\" rows=\"10\" maxlength=\"2000\" class=\"wpcf7-form-control wpcf7-textarea wpcf7-validates-as-required\" aria-required=\"true\" aria-invalid=\"false\" placeholder=\"Your message\" name=\"message\"><\/textarea>\n      \n      <span class=\"wpcf7-form-control wpcf7-checkbox wpcf7-validates-as-required\"><span class=\"wpcf7-list-item first last\"><label><input type=\"checkbox\" name=\"consentement[]\" value=\"Oui, je souhaite recevoir occasionnellement des e-mails d\u2019informations et d\u2019offres. Voir notre politique de confidentialit\u00e9.\" \/><span class=\"wpcf7-list-item-label\">Yes, I would like to receive occasional e-mails with information and offers. See our privacy policy.<\/span><\/label><\/span><\/span>\n\n      <input class=\"wpcf7-form-control wpcf7-submit has-spinner tt-btn btn-block\" type=\"submit\" value=\"Send message\" \/>\n    <\/div>\n  <\/div>\n<\/div><div class=\"wpcf7-response-output\" aria-hidden=\"true\"><\/div>\n<input type=\"hidden\" name=\"trp-form-language\" value=\"en\"\/><\/form>\n<\/div>\n\t\t<\/div>\r\n\t\t\t\t\t\t<\/div>\n\t\t\t\t<\/div>\n\t\t\t\t\t<\/div>\n\t\t<\/div>\n\t\t\t\t\t<\/div>\n\t\t<\/section>\n\t\t\t\t\t<\/div>\n\t\t<\/div>\n\t\t\t\t\t<\/div>\n\t\t<\/section>\n\t\t\t\t<\/div>","protected":false},"excerpt":{"rendered":"<p>\ud83d\ude80 Boostez votre visibilit\u00e9 en ligne avec un expert SEO d\u00e9di\u00e9 Consulting SEO \u2014 Expertise et Accompagnement sur Mesure Que vous ayez d\u00e9j\u00e0 une \u00e9quipe SEO interne ou que vous recherchiez un expert externe pour booster vos r\u00e9sultats, Boss SEO vous accompagne avec des strat\u00e9gies SEO et de content marketing orient\u00e9es performance. Nous travaillons comme [&hellip;]<\/p>","protected":false},"author":2,"featured_media":0,"parent":0,"menu_order":0,"comment_status":"closed","ping_status":"closed","template":"elementor_header_footer","meta":{"_acf_changed":false,"footnotes":""},"class_list":["post-17553","page","type-page","status-publish","hentry"],"acf":[],"_links":{"self":[{"href":"https:\/\/bossseo.net\/en\/wp-json\/wp\/v2\/pages\/17553","targetHints":{"allow":["GET"]}}],"collection":[{"href":"https:\/\/bossseo.net\/en\/wp-json\/wp\/v2\/pages"}],"about":[{"href":"https:\/\/bossseo.net\/en\/wp-json\/wp\/v2\/types\/page"}],"author":[{"embeddable":true,"href":"https:\/\/bossseo.net\/en\/wp-json\/wp\/v2\/users\/2"}],"replies":[{"embeddable":true,"href":"https:\/\/bossseo.net\/en\/wp-json\/wp\/v2\/comments?post=17553"}],"version-history":[{"count":19,"href":"https:\/\/bossseo.net\/en\/wp-json\/wp\/v2\/pages\/17553\/revisions"}],"predecessor-version":[{"id":18126,"href":"https:\/\/bossseo.net\/en\/wp-json\/wp\/v2\/pages\/17553\/revisions\/18126"}],"wp:attachment":[{"href":"https:\/\/bossseo.net\/en\/wp-json\/wp\/v2\/media?parent=17553"}],"curies":[{"name":"wp","href":"https:\/\/api.w.org\/{rel}","templated":true}]}}