
{"id":1391,"date":"2021-10-21T04:14:32","date_gmt":"2021-10-21T04:14:32","guid":{"rendered":"https:\/\/quiety-wp.themetags.com\/?page_id=1391"},"modified":"2025-12-15T15:28:01","modified_gmt":"2025-12-15T15:28:01","slug":"caracteristicas","status":"publish","type":"page","link":"https:\/\/bossseo.net\/es\/caracteristicas\/","title":{"rendered":"Caracter\u00edsticas del plugin Boss SEO Pro"},"content":{"rendered":"<div data-elementor-type=\"wp-page\" data-elementor-id=\"1391\" class=\"elementor elementor-1391\">\n\t\t\t\t<div class=\"elementor-element elementor-element-aa23fbd e-con-full e-flex e-con e-parent\" data-id=\"aa23fbd\" data-element_type=\"container\" data-e-type=\"container\">\n\t\t\t\t<div class=\"elementor-element elementor-element-53a47e3 elementor-widget elementor-widget-html\" data-id=\"53a47e3\" data-element_type=\"widget\" data-e-type=\"widget\" data-widget_type=\"html.default\">\n\t\t\t\t\t<style>\r\n  :root {\r\n    --primary: #4D4FFF;\r\n    --primary-dark: #3638CC;\r\n    --secondary: #8B8DFF;\r\n    --bg: #f9fafb;\r\n    --text: #1f2937;\r\n    --muted: #6b7280;\r\n    --white: #ffffff;\r\n  }\r\n\r\n  .boss-hero {\r\n    background: var(--white);\r\n    padding: 80px 20px 60px;\r\n    position: relative;\r\n    overflow: hidden;\r\n    text-align: center;\r\n  }\r\n\r\n  .boss-hero::before {\r\n    content: '';\r\n    position: absolute;\r\n    top: -50%;\r\n    right: -10%;\r\n    width: 600px;\r\n    height: 600px;\r\n    background: radial-gradient(circle, rgba(77, 79, 255, 0.08) 0%, transparent 70%);\r\n    border-radius: 50%;\r\n    pointer-events: none;\r\n  }\r\n\r\n  .boss-hero::after {\r\n    content: '';\r\n    position: absolute;\r\n    bottom: -30%;\r\n    left: -5%;\r\n    width: 500px;\r\n    height: 500px;\r\n    background: radial-gradient(circle, rgba(139, 141, 255, 0.06) 0%, transparent 70%);\r\n    border-radius: 50%;\r\n    pointer-events: none;\r\n  }\r\n\r\n  .boss-hero-content {\r\n    max-width: 1200px;\r\n    margin: 0 auto;\r\n    position: relative;\r\n    z-index: 1;\r\n  }\r\n\r\n  .boss-badge {\r\n    display: inline-flex;\r\n    align-items: center;\r\n    gap: 8px;\r\n    background: linear-gradient(135deg, rgba(77, 79, 255, 0.1), rgba(139, 141, 255, 0.1));\r\n    padding: 10px 20px;\r\n    border-radius: 50px;\r\n    font-size: 0.9rem;\r\n    font-weight: 600;\r\n    color: var(--primary);\r\n    margin-bottom: 24px;\r\n  }\r\n\r\n  .boss-hero h1 {\r\n    font-size: 3.5rem;\r\n    font-weight: 900;\r\n    color: var(--text);\r\n    margin-bottom: 20px;\r\n    line-height: 1.2;\r\n  }\r\n\r\n  .boss-gradient-text {\r\n    background: linear-gradient(135deg, var(--primary), var(--secondary));\r\n    -webkit-background-clip: text;\r\n    -webkit-text-fill-color: transparent;\r\n    background-clip: text;\r\n  }\r\n\r\n  .boss-hero-desc {\r\n    font-size: 1.25rem;\r\n    color: var(--muted);\r\n    max-width: 750px;\r\n    margin: 0 auto 40px;\r\n    line-height: 1.7;\r\n  }\r\n\r\n  .boss-stats {\r\n    display: flex;\r\n    justify-content: center;\r\n    gap: 50px;\r\n    flex-wrap: wrap;\r\n    margin-top: 50px;\r\n  }\r\n\r\n  .boss-stat-item {\r\n    text-align: center;\r\n  }\r\n\r\n  .boss-stat-number {\r\n    font-size: 2.5rem;\r\n    font-weight: 800;\r\n    color: var(--primary);\r\n    display: block;\r\n    line-height: 1;\r\n    margin-bottom: 8px;\r\n  }\r\n\r\n  .boss-stat-label {\r\n    font-size: 0.95rem;\r\n    color: var(--muted);\r\n    font-weight: 500;\r\n  }\r\n\r\n  .boss-modules-section {\r\n    padding: 80px 20px 100px;\r\n    background: var(--bg);\r\n    max-width: 1400px;\r\n    margin: 0 auto;\r\n  }\r\n\r\n  .boss-modules-grid {\r\n    display: grid;\r\n    grid-template-columns: repeat(auto-fit, minmax(320px, 1fr));\r\n    gap: 30px;\r\n  }\r\n\r\n  .boss-module-card {\r\n    background: var(--white);\r\n    border-radius: 20px;\r\n    padding: 40px 32px;\r\n    box-shadow: 0 4px 20px rgba(77, 79, 255, 0.08);\r\n    transition: all 0.4s cubic-bezier(0.4, 0, 0.2, 1);\r\n    position: relative;\r\n    overflow: hidden;\r\n    display: flex;\r\n    flex-direction: column;\r\n    justify-content: space-between;\r\n    border: 1px solid rgba(77, 79, 255, 0.08);\r\n  }\r\n\r\n  .boss-module-card::before {\r\n    content: '';\r\n    position: absolute;\r\n    top: 0;\r\n    left: 0;\r\n    right: 0;\r\n    height: 4px;\r\n    background: linear-gradient(90deg, var(--primary), var(--secondary));\r\n    transform: scaleX(0);\r\n    transform-origin: left;\r\n    transition: transform 0.4s ease;\r\n  }\r\n\r\n  .boss-module-card:hover {\r\n    transform: translateY(-10px);\r\n    box-shadow: 0 12px 40px rgba(77, 79, 255, 0.15);\r\n    border-color: rgba(77, 79, 255, 0.2);\r\n  }\r\n\r\n  .boss-module-card:hover::before {\r\n    transform: scaleX(1);\r\n  }\r\n\r\n  .boss-module-icon {\r\n    width: 70px;\r\n    height: 70px;\r\n    background: linear-gradient(135deg, var(--primary), var(--secondary));\r\n    color: white;\r\n    border-radius: 16px;\r\n    display: flex;\r\n    align-items: center;\r\n    justify-content: center;\r\n    font-size: 30px;\r\n    margin-bottom: 24px;\r\n    box-shadow: 0 8px 16px rgba(77, 79, 255, 0.2);\r\n    transition: transform 0.3s ease;\r\n  }\r\n\r\n  .boss-module-card:hover .boss-module-icon {\r\n    transform: scale(1.1) rotate(5deg);\r\n  }\r\n\r\n  .boss-module-card h3 {\r\n    font-size: 1.4rem;\r\n    font-weight: 700;\r\n    margin-bottom: 8px;\r\n    color: var(--text);\r\n  }\r\n\r\n  .boss-module-category {\r\n    color: var(--primary);\r\n    font-size: 0.9rem;\r\n    font-weight: 600;\r\n    display: block;\r\n    margin-bottom: 16px;\r\n    text-transform: uppercase;\r\n    letter-spacing: 0.5px;\r\n  }\r\n\r\n  .boss-module-desc {\r\n    font-size: 1rem;\r\n    line-height: 1.6;\r\n    color: var(--muted);\r\n    flex-grow: 1;\r\n    margin-bottom: 28px;\r\n  }\r\n\r\n  .boss-module-link {\r\n    align-self: start;\r\n    text-decoration: none;\r\n    background: linear-gradient(135deg, var(--primary), var(--primary-dark));\r\n    color: white;\r\n    padding: 12px 24px;\r\n    border-radius: 12px;\r\n    font-weight: 600;\r\n    font-size: 0.95rem;\r\n    transition: all 0.3s ease;\r\n    display: inline-flex;\r\n    align-items: center;\r\n    gap: 8px;\r\n    box-shadow: 0 4px 12px rgba(77, 79, 255, 0.2);\r\n  }\r\n\r\n  .boss-module-link:hover {\r\n    transform: translateX(4px);\r\n    box-shadow: 0 6px 16px rgba(77, 79, 255, 0.3);\r\n  }\r\n\r\n  @media (max-width: 768px) {\r\n    .boss-hero h1 {\r\n      font-size: 2.5rem;\r\n    }\r\n    .boss-hero-desc {\r\n      font-size: 1.1rem;\r\n    }\r\n    .boss-stats {\r\n      gap: 30px;\r\n    }\r\n    .boss-stat-number {\r\n      font-size: 2rem;\r\n    }\r\n    .boss-modules-grid {\r\n      grid-template-columns: 1fr;\r\n    }\r\n    .boss-module-card {\r\n      padding: 32px 24px;\r\n    }\r\n  }\r\n<\/style>\r\n\r\n<!-- Hero Section -->\r\n<div class=\"boss-hero\">\r\n  <div class=\"boss-hero-content\">\r\n    <div class=\"boss-badge\">\r\n      <span>\ud83d\ude80<\/span>\r\n      Plugin Premium para WordPress\r\n    <\/div>\r\n    \r\n    <h1>\r\n      Descubra <span class=\"boss-gradient-text\">Jefe SEO<\/span><br>\r\n      La soluci\u00f3n integral para la optimizaci\u00f3n de motores de b\u00fasqueda\r\n    <\/h1>\r\n    \r\n    <p class=\"boss-hero-desc\">\r\n      Potencie su sitio WordPress con un completo conjunto de herramientas SEO basadas en inteligencia artificial. Optimiza, analiza y domina los resultados de b\u00fasqueda.\r\n    <\/p>\r\n\r\n    <div class=\"boss-stats\">\r\n      <div class=\"boss-stat-item\">\r\n        <span class=\"boss-stat-number\">11<\/span>\r\n        <span class=\"boss-stat-label\">M\u00f3dulos potentes<\/span>\r\n      <\/div>\r\n      <div class=\"boss-stat-item\">\r\n        <span class=\"boss-stat-number\">100%<\/span>\r\n        <span class=\"boss-stat-label\">Inteligencia artificial<\/span>\r\n      <\/div>\r\n      <div class=\"boss-stat-item\">\r\n        <span class=\"boss-stat-number\">24\/7<\/span>\r\n        <span class=\"boss-stat-label\">Optimizaci\u00f3n continua<\/span>\r\n      <\/div>\r\n    <\/div>\r\n  <\/div>\r\n<\/div>\r\n\r\n<!-- Modules Section -->\r\n<div class=\"boss-modules-section\">\r\n  <div class=\"boss-modules-grid\">\r\n    <!-- Dashboard -->\r\n    <div class=\"boss-module-card\">\r\n      <div>\r\n        <div class=\"boss-module-icon\">\ud83d\udcca<\/div>\r\n        <h3>Cuadro de mandos<\/h3>\r\n        <span class=\"boss-module-category\">Cuadro de mandos central<\/span>\r\n        <p class=\"boss-module-desc\">\r\n          Realice un seguimiento de su rendimiento SEO en tiempo real, acceda a informes clave y gestione todos sus m\u00f3dulos desde una interfaz \u00fanica e intuitiva.\r\n        <\/p>\r\n      <\/div>\r\n      <a href=\"\/es\/jefe-seo\/dashboard\/\" class=\"boss-module-link\">Leer m\u00e1s \u2192<\/a>\r\n    <\/div>\r\n\r\n    <!-- Boss Optimizer -->\r\n    <div class=\"boss-module-card\">\r\n      <div>\r\n        <div class=\"boss-module-icon\">\ud83e\udd16<\/div>\r\n        <h3>Optimizador Jefe<\/h3>\r\n        <span class=\"boss-module-category\">Optimizaci\u00f3n de contenidos mediante IA<\/span>\r\n        <p class=\"boss-module-desc\">\r\n          La IA analiza y mejora autom\u00e1ticamente sus textos, t\u00edtulos y etiquetas para aumentar la visibilidad y relevancia de sus p\u00e1ginas.\r\n        <\/p>\r\n      <\/div>\r\n      <a href=\"\/es\/jefe-optimizador-optimizacion-metadonnees-ia\/\" class=\"boss-module-link\">Leer m\u00e1s \u2192<\/a>\r\n    <\/div>\r\n\r\n    <!-- Content Creation -->\r\n    <div class=\"boss-module-card\">\r\n      <div>\r\n        <div class=\"boss-module-icon\">\u270d\ufe0f<\/div>\r\n        <h3>Creaci\u00f3n de contenidos<\/h3>\r\n        <span class=\"boss-module-category\">Creaci\u00f3n guiada de contenidos<\/span>\r\n        <p class=\"boss-module-desc\">\r\n          Genere art\u00edculos optimizados con sugerencias de IA, res\u00famenes SEO y recomendaciones estrat\u00e9gicas de palabras clave.\r\n        <\/p>\r\n      <\/div>\r\n      <a href=\"\/es\/ia-creacion-de-contenidos\/\" class=\"boss-module-link\">Leer m\u00e1s \u2192<\/a>\r\n    <\/div>\r\n\r\n    <!-- SEO Audit IA -->\r\n    <div class=\"boss-module-card\">\r\n      <div>\r\n        <div class=\"boss-module-icon\">\ud83e\udde0<\/div>\r\n        <h3>Auditor\u00eda SEO IA<\/h3>\r\n        <span class=\"boss-module-category\">Auditor\u00eda SEO automatizada<\/span>\r\n        <p class=\"boss-module-desc\">\r\n          An\u00e1lisis completo de su sitio web: rendimiento t\u00e9cnico, estructura, contenido y recomendaciones inmediatas de mejora.\r\n        <\/p>\r\n      <\/div>\r\n      <a href=\"\/es\/auditoria-seo-asistida-por-ia\/\" class=\"boss-module-link\">Leer m\u00e1s \u2192<\/a>\r\n    <\/div>\r\n\r\n    <!-- AI Overviews Optimizer -->\r\n    <div class=\"boss-module-card\">\r\n      <div>\r\n        <div class=\"boss-module-icon\">\ud83d\udca1<\/div>\r\n        <h3>Optimizador de res\u00famenes AI<\/h3>\r\n        <span class=\"boss-module-category\">Optimizaci\u00f3n para Google AI<\/span>\r\n        <p class=\"boss-module-desc\">\r\n          Adapte sus p\u00e1ginas a las respuestas de la IA y a los resultados enriquecidos de Google estructurando su contenido de forma avanzada.\r\n        <\/p>\r\n      <\/div>\r\n      <a href=\"\/es\/ai-overviews-optimizer\/\" class=\"boss-module-link\">Leer m\u00e1s \u2192<\/a>\r\n    <\/div>\r\n\r\n    <!-- Voice SEO Optimizer -->\r\n    <div class=\"boss-module-card\">\r\n      <div>\r\n        <div class=\"boss-module-icon\">\ud83c\udf99\ufe0f<\/div>\r\n        <h3>Optimizador SEO por voz<\/h3>\r\n        <span class=\"boss-module-category\">SEO para la b\u00fasqueda por voz<\/span>\r\n        <p class=\"boss-module-desc\">\r\n          Optimice sus p\u00e1ginas para consultas por voz y asistentes inteligentes (Google Home, Alexa, etc.).\r\n        <\/p>\r\n      <\/div>\r\n      <a href=\"\/es\/voice-seo-optimizer-optimiseur-seo-vocal\/\" class=\"boss-module-link\">Leer m\u00e1s \u2192<\/a>\r\n    <\/div>\r\n\r\n    <!-- Structured Schemas -->\r\n    <div class=\"boss-module-card\">\r\n      <div>\r\n        <div class=\"boss-module-icon\">\ud83e\udde9<\/div>\r\n        <h3>Esquemas estructurados<\/h3>\r\n        <span class=\"boss-module-category\">Datos estructurados<\/span>\r\n        <p class=\"boss-module-desc\">\r\n          A\u00f1ada y valide esquemas (Art\u00edculo, FAQ, Negocio Local, Producto, etc.) para mejorar la comprensi\u00f3n de Google de sus p\u00e1ginas.\r\n        <\/p>\r\n      <\/div>\r\n      <a href=\"\/es\/planos-estructurales\/\" class=\"boss-module-link\">Leer m\u00e1s \u2192<\/a>\r\n    <\/div>\r\n\r\n    <!-- Analytics -->\r\n    <div class=\"boss-module-card\">\r\n      <div>\r\n        <div class=\"boss-module-icon\">\ud83d\udcc8<\/div>\r\n        <h3>Anal\u00edtica<\/h3>\r\n        <span class=\"boss-module-category\">Integraci\u00f3n de GA4 y GSC<\/span>\r\n        <p class=\"boss-module-desc\">\r\n          Conecta Google Analytics 4 y Search Console para ver el rendimiento y las palabras clave sin salir de WordPress.\r\n        <\/p>\r\n      <\/div>\r\n      <a href=\"\/es\/informes-y-analisis-seo\/\" class=\"boss-module-link\">Leer m\u00e1s \u2192<\/a>\r\n    <\/div>\r\n\r\n    <!-- Local & E-commerce -->\r\n    <div class=\"boss-module-card\">\r\n      <div>\r\n        <div class=\"boss-module-icon\">\ud83c\udfea<\/div>\r\n        <h3>Local y comercio electr\u00f3nico<\/h3>\r\n        <span class=\"boss-module-category\">SEO local y tienda<\/span>\r\n        <p class=\"boss-module-desc\">\r\n          Mejore la visibilidad de su sitio de comercio electr\u00f3nico y sus listados locales con una optimizaci\u00f3n espec\u00edfica y autom\u00e1tica.\r\n        <\/p>\r\n      <\/div>\r\n      <a href=\"\/es\/seo-local\/\" class=\"boss-module-link\">Leer m\u00e1s \u2192<\/a>\r\n    <\/div>\r\n\r\n    <!-- Technical Analysis -->\r\n    <div class=\"boss-module-card\">\r\n      <div>\r\n        <div class=\"boss-module-icon\">\u2699\ufe0f<\/div>\r\n        <h3>An\u00e1lisis t\u00e9cnico<\/h3>\r\n        <span class=\"boss-module-category\">An\u00e1lisis t\u00e9cnico completo<\/span>\r\n        <p class=\"boss-module-desc\">\r\n          Analice su sitio en busca de problemas t\u00e9cnicos (indexaci\u00f3n, velocidad, redireccionamientos, sitemaps, etc.).\r\n        <\/p>\r\n      <\/div>\r\n      <a href=\"\/es\/gestion-tecnica-seo\/\" class=\"boss-module-link\">Leer m\u00e1s \u2192<\/a>\r\n    <\/div>\r\n\r\n    <!-- Rapport complet -->\r\n    <div class=\"boss-module-card\">\r\n      <div>\r\n        <div class=\"boss-module-icon\">\ud83d\udcd1<\/div>\r\n        <h3>Informe completo<\/h3>\r\n        <span class=\"boss-module-category\">Generaci\u00f3n de PDF y alertas<\/span>\r\n        <p class=\"boss-module-desc\">\r\n          Cree y env\u00ede autom\u00e1ticamente informes SEO detallados en PDF a sus clientes o a su equipo.\r\n        <\/p>\r\n      <\/div>\r\n      <a href=\"\/es\/informes-y-analisis-seo\/\" class=\"boss-module-link\">Leer m\u00e1s \u2192<\/a>\r\n    <\/div>\r\n  <\/div>\r\n<\/div>\t\t\t\t<\/div>\n\t\t\t\t<\/div>\n\t\t\t\t<\/div>","protected":false},"excerpt":{"rendered":"<p>\ud83d\ude80 Plugin WordPress Premium D\u00e9couvrez Boss SEO La solution tout-en-un pour votre r\u00e9f\u00e9rencement Propulsez votre site WordPress avec une suite compl\u00e8te d&rsquo;outils SEO pilot\u00e9s par l&rsquo;intelligence artificielle. Optimisez, analysez et dominez les r\u00e9sultats de recherche. 11 Modules puissants 100% Pilot\u00e9 par IA 24\/7 Optimisation continue \ud83d\udcca Dashboard Tableau de bord central Suivez vos performances SEO [&hellip;]<\/p>","protected":false},"author":1,"featured_media":0,"parent":0,"menu_order":0,"comment_status":"closed","ping_status":"closed","template":"elementor_header_footer","meta":{"_acf_changed":false,"footnotes":""},"class_list":["post-1391","page","type-page","status-publish","hentry"],"acf":[],"_links":{"self":[{"href":"https:\/\/bossseo.net\/es\/wp-json\/wp\/v2\/pages\/1391","targetHints":{"allow":["GET"]}}],"collection":[{"href":"https:\/\/bossseo.net\/es\/wp-json\/wp\/v2\/pages"}],"about":[{"href":"https:\/\/bossseo.net\/es\/wp-json\/wp\/v2\/types\/page"}],"author":[{"embeddable":true,"href":"https:\/\/bossseo.net\/es\/wp-json\/wp\/v2\/users\/1"}],"replies":[{"embeddable":true,"href":"https:\/\/bossseo.net\/es\/wp-json\/wp\/v2\/comments?post=1391"}],"version-history":[{"count":53,"href":"https:\/\/bossseo.net\/es\/wp-json\/wp\/v2\/pages\/1391\/revisions"}],"predecessor-version":[{"id":18596,"href":"https:\/\/bossseo.net\/es\/wp-json\/wp\/v2\/pages\/1391\/revisions\/18596"}],"wp:attachment":[{"href":"https:\/\/bossseo.net\/es\/wp-json\/wp\/v2\/media?parent=1391"}],"curies":[{"name":"wp","href":"https:\/\/api.w.org\/{rel}","templated":true}]}}