
{"id":17491,"date":"2025-09-24T06:13:19","date_gmt":"2025-09-24T06:13:19","guid":{"rendered":"http:\/\/www.boss.quedulourd.com\/?page_id=17491"},"modified":"2025-11-28T12:38:21","modified_gmt":"2025-11-28T12:38:21","slug":"seo-comercio-electronico","status":"publish","type":"page","link":"https:\/\/bossseo.net\/es\/seo-comercio-electronico\/","title":{"rendered":"SEO Comercio electr\u00f3nico"},"content":{"rendered":"<div data-elementor-type=\"wp-page\" data-elementor-id=\"17491\" class=\"elementor elementor-17491\">\n\t\t\t\t\t\t<section class=\"elementor-section elementor-top-section elementor-element elementor-element-3e82461 elementor-section-boxed elementor-section-height-default elementor-section-height-default\" data-id=\"3e82461\" data-element_type=\"section\" data-e-type=\"section\">\n\t\t\t\t\t\t<div class=\"elementor-container elementor-column-gap-default\">\n\t\t\t\t\t<div class=\"elementor-column elementor-col-50 elementor-top-column elementor-element elementor-element-9bb0744\" data-id=\"9bb0744\" data-element_type=\"column\" data-e-type=\"column\">\n\t\t\t<div class=\"elementor-widget-wrap elementor-element-populated\">\n\t\t\t\t\t\t<div class=\"elementor-element elementor-element-c0897d9 tt-text-align-left tt-view-stacked tt-shape-rounded tt-heading-fill-color elementor-widget elementor-widget-tt-heading\" data-id=\"c0897d9\" data-element_type=\"widget\" data-e-type=\"widget\" data-widget_type=\"tt-heading.default\">\n\t\t\t\t<div class=\"elementor-widget-container\">\n\t\t\t\t\t\r\n\t\t<div class=\"section-heading style-one\">\r\n\r\n\t\t\t\t\t\t<!-- \/.icon-container -->\r\n\r\n\t\t\t\r\n\t\t\t<h2 class=\"section-title\">Aumenta las ventas de tu WooCommerce con SEO inteligente<\/h2>\r\n\t\t\t\t\t\t\t<div class=\"description\"><p>Impulsa las ventas de tu tienda online con el m\u00f3dulo <strong data-start=\"251\" data-end=\"269\">SEO Comercio electr\u00f3nico<\/strong> de <strong data-start=\"273\" data-end=\"285\">Jefe SEO<\/strong>. Especialmente dise\u00f1ado para <strong data-start=\"311\" data-end=\"326\">WooCommerce<\/strong>, Este m\u00f3dulo optimiza autom\u00e1ticamente sus fichas de producto, genera feeds <strong>Google Shopping<\/strong> y aplica esquemas estructurados para mejorar su referenciaci\u00f3n y sus conversiones.<\/p><\/div>\r\n\t\t\t\t\t<\/div>\r\n\r\n\t\t\t\t\t\t<\/div>\n\t\t\t\t<\/div>\n\t\t\t\t<div class=\"elementor-element elementor-element-7edce55 elementor-widget elementor-widget-heading\" data-id=\"7edce55\" data-element_type=\"widget\" data-e-type=\"widget\" data-widget_type=\"heading.default\">\n\t\t\t\t\t<h2 class=\"elementor-heading-title elementor-size-default\">Funciones avanzadas de SEO para comercio electr\u00f3nico<\/h2>\t\t\t\t<\/div>\n\t\t\t\t<div class=\"elementor-element elementor-element-92ab164 elementor-widget elementor-widget-tt-list\" data-id=\"92ab164\" data-element_type=\"widget\" data-e-type=\"widget\" data-widget_type=\"tt-list.default\">\n\t\t\t\t<div class=\"elementor-widget-container\">\n\t\t\t\t\t\t  <ul class=\"tt__list\">\r\n\t\t  \t\t\t<li class=\"list-item\">\r\n\t\t\t\t\r\n\t\t\t\t  <i aria-hidden=\"true\" class=\"fas fa-check-circle\"><\/i>\r\n\t\t\t\t<span class=\"list-text\"><strong>Optimizaci\u00f3n autom\u00e1tica de las fichas de producto: <\/strong>Mejorar t\u00edtulos, descripciones y metadatos para un mejor posicionamiento en Google.<\/span>\r\n\r\n\t\t\t\t  \t\t\t<\/li>\r\n\r\n\t\t  \t\t\t<li class=\"list-item\">\r\n\t\t\t\t\r\n\t\t\t\t  <i aria-hidden=\"true\" class=\"fas fa-check-circle\"><\/i>\r\n\t\t\t\t<span class=\"list-text\"><strong>Diagramas autom\u00e1ticos de productos\/ofertas : <\/strong>A\u00f1ada f\u00e1cilmente etiquetas estructuradas para productos y ofertas con el fin de mejorar los fragmentos enriquecidos.<\/span>\r\n\r\n\t\t\t\t  \t\t\t<\/li>\r\n\r\n\t\t  \t\t\t<li class=\"list-item\">\r\n\t\t\t\t\r\n\t\t\t\t  <i aria-hidden=\"true\" class=\"fas fa-check-circle\"><\/i>\r\n\t\t\t\t<span class=\"list-text\"><strong>Google Shopping feed :<\/strong> Sincronice sus productos con Google para maximizar la visibilidad de sus anuncios.<\/span>\r\n\r\n\t\t\t\t  \t\t\t<\/li>\r\n\r\n\t\t  \t\t\t<li class=\"list-item\">\r\n\t\t\t\t\r\n\t\t\t\t  <i aria-hidden=\"true\" class=\"fas fa-check-circle\"><\/i>\r\n\t\t\t\t<span class=\"list-text\"><strong>An\u00e1lisis SEO de categor\u00edas :<\/strong> Optimice sus p\u00e1ginas de categor\u00edas para atraer m\u00e1s tr\u00e1fico cualificado.<\/span>\r\n\r\n\t\t\t\t  \t\t\t<\/li>\r\n\r\n\t\t  \t\t\t<li class=\"list-item\">\r\n\t\t\t\t\r\n\t\t\t\t  <i aria-hidden=\"true\" class=\"fas fa-check-circle\"><\/i>\r\n\t\t\t\t<span class=\"list-text\"><strong>Gesti\u00f3n de la marca del producto :<\/strong> Organice y optimice sus marcas para una referenciaci\u00f3n m\u00e1s eficaz.<\/span>\r\n\r\n\t\t\t\t  \t\t\t<\/li>\r\n\r\n\t\t  \t\t\t<li class=\"list-item\">\r\n\t\t\t\t\r\n\t\t\t\t  <i aria-hidden=\"true\" class=\"fas fa-check-circle\"><\/i>\r\n\t\t\t\t<span class=\"list-text\"><strong>Rich Snippets para rese\u00f1as :<\/strong> Destaque las opiniones de los clientes en los resultados de b\u00fasqueda para aumentar el CTR y la confianza.<\/span>\r\n\r\n\t\t\t\t  \t\t\t<\/li>\r\n\r\n\t\t  \t  <\/ul>\r\n\t\t\t\t\t\t<\/div>\n\t\t\t\t<\/div>\n\t\t\t\t<div class=\"elementor-element elementor-element-dc625d2 elementor-widget elementor-widget-heading\" data-id=\"dc625d2\" data-element_type=\"widget\" data-e-type=\"widget\" data-widget_type=\"heading.default\">\n\t\t\t\t\t<h2 class=\"elementor-heading-title elementor-size-default\">Ventajas SEO<\/h2>\t\t\t\t<\/div>\n\t\t\t\t<div class=\"elementor-element elementor-element-fd51fb3 elementor-widget elementor-widget-tt-list\" data-id=\"fd51fb3\" data-element_type=\"widget\" data-e-type=\"widget\" data-widget_type=\"tt-list.default\">\n\t\t\t\t<div class=\"elementor-widget-container\">\n\t\t\t\t\t\t  <ul class=\"tt__list\">\r\n\t\t  \t\t\t<li class=\"list-item\">\r\n\t\t\t\t\r\n\t\t\t\t  \t\t\t\t\t\t<i class=\"ei ei-icon_check\"><\/i>\r\n\t\t\t\t\t  \r\n\t\t\t\t<span class=\"list-text\">Aumente la visibilidad de sus productos en Google y Google Shopping.<\/span>\r\n\r\n\t\t\t\t  \t\t\t<\/li>\r\n\r\n\t\t  \t\t\t<li class=\"list-item\">\r\n\t\t\t\t\r\n\t\t\t\t  \t\t\t\t\t\t<i class=\"ei ei-icon_check\"><\/i>\r\n\t\t\t\t\t  \r\n\t\t\t\t<span class=\"list-text\">Mejore las conversiones con fichas de producto optimizadas.<\/span>\r\n\r\n\t\t\t\t  \t\t\t<\/li>\r\n\r\n\t\t  \t\t\t<li class=\"list-item\">\r\n\t\t\t\t\r\n\t\t\t\t  \t\t\t\t\t\t<i class=\"ei ei-icon_check\"><\/i>\r\n\t\t\t\t\t  \r\n\t\t\t\t<span class=\"list-text\">Genera m\u00e1s tr\u00e1fico org\u00e1nico cualificado a tu tienda WooCommerce.<\/span>\r\n\r\n\t\t\t\t  \t\t\t<\/li>\r\n\r\n\t\t  \t\t\t<li class=\"list-item\">\r\n\t\t\t\t\r\n\t\t\t\t  \t\t\t\t\t\t<i class=\"ei ei-icon_check\"><\/i>\r\n\t\t\t\t\t  \r\n\t\t\t\t<span class=\"list-text\">Optimice sus fragmentos enriquecidos para atraer m\u00e1s clics y aumentar la confianza de los clientes.<\/span>\r\n\r\n\t\t\t\t  \t\t\t<\/li>\r\n\r\n\t\t  \t  <\/ul>\r\n\t\t\t\t\t\t<\/div>\n\t\t\t\t<\/div>\n\t\t\t\t<div class=\"elementor-element elementor-element-43c5ab0 elementor-arrows-position-inside elementor-pagination-position-outside elementor-widget elementor-widget-image-carousel\" data-id=\"43c5ab0\" data-element_type=\"widget\" data-e-type=\"widget\" data-settings=\"{&quot;slides_to_show&quot;:&quot;1&quot;,&quot;navigation&quot;:&quot;both&quot;,&quot;autoplay&quot;:&quot;yes&quot;,&quot;pause_on_hover&quot;:&quot;yes&quot;,&quot;pause_on_interaction&quot;:&quot;yes&quot;,&quot;autoplay_speed&quot;:5000,&quot;infinite&quot;:&quot;yes&quot;,&quot;effect&quot;:&quot;slide&quot;,&quot;speed&quot;:500}\" data-widget_type=\"image-carousel.default\">\n\t\t\t\t\t\t\t<div class=\"elementor-image-carousel-wrapper swiper\" role=\"region\" aria-roledescription=\"carousel\" aria-label=\"Carrusel de im\u00e1genes\" dir=\"ltr\">\n\t\t\t<div class=\"elementor-image-carousel swiper-wrapper\" aria-live=\"off\">\n\t\t\t\t\t\t\t\t<div class=\"swiper-slide\" role=\"group\" aria-roledescription=\"slide\" aria-label=\"1 de 4\"><figure class=\"swiper-slide-inner\"><img class=\"swiper-slide-image lws-optimize-lazyload\"  alt=\"SEO ecom\" ><\/figure><\/div><div class=\"swiper-slide\" role=\"group\" aria-roledescription=\"slide\" aria-label=\"2 de 4\"><figure class=\"swiper-slide-inner\"><img class=\"swiper-slide-image lws-optimize-lazyload\"  alt=\"SEO ecom1\" ><\/figure><\/div><div class=\"swiper-slide\" role=\"group\" aria-roledescription=\"slide\" aria-label=\"3 de 4\"><figure class=\"swiper-slide-inner\"><img class=\"swiper-slide-image lws-optimize-lazyload\"  alt=\"SEO ecom3\" ><\/figure><\/div><div class=\"swiper-slide\" role=\"group\" aria-roledescription=\"slide\" aria-label=\"4 de 4\"><figure class=\"swiper-slide-inner\"><img class=\"swiper-slide-image lws-optimize-lazyload\"  alt=\"SEO eCOM4\" ><\/figure><\/div>\t\t\t<\/div>\n\t\t\t\t\t\t\t\t\t\t\t\t<div class=\"elementor-swiper-button elementor-swiper-button-prev\" role=\"button\" tabindex=\"0\">\n\t\t\t\t\t\t<svg aria-hidden=\"true\" class=\"e-font-icon-svg e-eicon-chevron-left\" viewbox=\"0 0 1000 1000\" xmlns=\"http:\/\/www.w3.org\/2000\/svg\"><path d=\"M646 125C629 125 613 133 604 142L308 442C296 454 292 471 292 487 292 504 296 521 308 533L604 854C617 867 629 875 646 875 663 875 679 871 692 858 704 846 713 829 713 812 713 796 708 779 692 767L438 487 692 225C700 217 708 204 708 187 708 171 704 154 692 142 675 129 663 125 646 125Z\"><\/path><\/svg>\t\t\t\t\t<\/div>\n\t\t\t\t\t<div class=\"elementor-swiper-button elementor-swiper-button-next\" role=\"button\" tabindex=\"0\">\n\t\t\t\t\t\t<svg aria-hidden=\"true\" class=\"e-font-icon-svg e-eicon-chevron-right\" viewbox=\"0 0 1000 1000\" xmlns=\"http:\/\/www.w3.org\/2000\/svg\"><path d=\"M696 533C708 521 713 504 713 487 713 471 708 454 696 446L400 146C388 133 375 125 354 125 338 125 325 129 313 142 300 154 292 171 292 187 292 204 296 221 308 233L563 492 304 771C292 783 288 800 288 817 288 833 296 850 308 863 321 871 338 875 354 875 371 875 388 867 400 854L696 533Z\"><\/path><\/svg>\t\t\t\t\t<\/div>\n\t\t\t\t\n\t\t\t\t\t\t\t\t\t<div class=\"swiper-pagination\"><\/div>\n\t\t\t\t\t\t\t\t\t<\/div>\n\t\t\t\t\t\t<\/div>\n\t\t\t\t\t<\/div>\n\t\t<\/div>\n\t\t\t\t<div class=\"elementor-column elementor-col-50 elementor-top-column elementor-element elementor-element-a3c548b height-max-content sticky-sidebar\" data-id=\"a3c548b\" data-element_type=\"column\" data-e-type=\"column\" data-settings=\"{&quot;background_background&quot;:&quot;classic&quot;}\">\n\t\t\t<div class=\"elementor-widget-wrap elementor-element-populated\">\n\t\t\t\t\t<div class=\"elementor-background-overlay\"><\/div>\n\t\t\t\t\t\t<div class=\"elementor-element elementor-element-8ce201b elementor-widget elementor-widget-tt-contact-form\" data-id=\"8ce201b\" data-element_type=\"widget\" data-e-type=\"widget\" data-widget_type=\"tt-contact-form.default\">\n\t\t\t\t<div class=\"elementor-widget-container\">\n\t\t\t\t\t\t\t<div class=\"contact-form contact-form-boxed\">\r\n\t\t\t\t\t\t\t<h3 class=\"contact-form-title\">Solicitar integraci\u00f3n<\/h3>\r\n\t\t\t\n<div class=\"wpcf7 no-js\" id=\"wpcf7-f1507-o1\" lang=\"en-US\" dir=\"ltr\" data-wpcf7-id=\"1507\">\n<div class=\"screen-reader-response\"><p role=\"status\" aria-live=\"polite\" aria-atomic=\"true\"><\/p> <ul><\/ul><\/div>\n<form action=\"\/es\/wp-json\/wp\/v2\/pages\/17491#wpcf7-f1507-o1\" method=\"post\" class=\"wpcf7-form init\" aria-label=\"Formulario de contacto\" novalidate=\"novalidate\" data-status=\"init\" data-trp-original-action=\"\/es\/wp-json\/wp\/v2\/pages\/17491#wpcf7-f1507-o1\">\n<fieldset class=\"hidden-fields-container\"><input type=\"hidden\" name=\"_wpcf7\" value=\"1507\" \/><input type=\"hidden\" name=\"_wpcf7_version\" value=\"6.1.4\" \/><input type=\"hidden\" name=\"_wpcf7_locale\" value=\"en_US\" \/><input type=\"hidden\" name=\"_wpcf7_unit_tag\" value=\"wpcf7-f1507-o1\" \/><input type=\"hidden\" name=\"_wpcf7_container_post\" value=\"0\" \/><input type=\"hidden\" name=\"_wpcf7_posted_data_hash\" value=\"\" \/>\n<\/fieldset>\n<div class=\"bossseo-download-form text-center max-w-2xl mx-auto py-10\">\n \n  <p class=\"text-gray-600 mb-6\">\n    Rellene el siguiente formulario para recibir inmediatamente su enlace de descarga.\n  <\/p>\n\n  <div class=\"grid md:grid-cols-2 gap-4 text-left\">\n    <div>\n      <input size=\"40\" maxlength=\"400\" class=\"wpcf7-form-control wpcf7-text wpcf7-validates-as-required form-control\" aria-required=\"true\" aria-invalid=\"false\" placeholder=\"Su nombre\" value=\"\" type=\"text\" name=\"first-name\" \/>\n    <\/div>\n    <div>\n      <input size=\"40\" maxlength=\"400\" class=\"wpcf7-form-control wpcf7-text wpcf7-validates-as-required form-control\" aria-required=\"true\" aria-invalid=\"false\" placeholder=\"Su nombre\" value=\"\" type=\"text\" name=\"last-name\" \/>\n    <\/div>\n    <div>\n      <input size=\"40\" maxlength=\"400\" class=\"wpcf7-form-control wpcf7-email wpcf7-validates-as-required wpcf7-text wpcf7-validates-as-email form-control\" aria-required=\"true\" aria-invalid=\"false\" placeholder=\"Su direcci\u00f3n de correo electr\u00f3nico\" value=\"\" type=\"email\" name=\"your-email\" \/>\n    <\/div>\n    <div>\n      <input size=\"40\" maxlength=\"400\" class=\"wpcf7-form-control wpcf7-url wpcf7-text wpcf7-validates-as-url form-control\" aria-invalid=\"false\" placeholder=\"Su sitio web (opcional)\" value=\"\" type=\"url\" name=\"website\" \/>\n    <\/div>\n  <\/div>\n\n  <div class=\"mt-6 text-left\">\n    <span class=\"wpcf7-form-control wpcf7-checkbox wpcf7-validates-as-required\"><span class=\"wpcf7-list-item first last\"><label><input type=\"checkbox\" name=\"consent[]\" value=\"J\u2019accepte de recevoir des e-mails d\u2019informations et de mise \u00e0 jour sur Boss SEO.\" \/><span class=\"wpcf7-list-item-label\">Acepto recibir correos electr\u00f3nicos con informaci\u00f3n y actualizaciones sobre Boss SEO.<\/span><\/label><\/span><\/span>\n  <\/div>\n\n  <div class=\"mt-6\">\n    <input class=\"wpcf7-form-control wpcf7-submit has-spinner tt-btn btn-primary\" type=\"submit\" value=\"\ud83d\udce5 Descargar gratis\" \/>\n  <\/div>\n<\/div><div class=\"wpcf7-response-output\" aria-hidden=\"true\"><\/div>\n<input type=\"hidden\" name=\"trp-form-language\" value=\"es\"\/><\/form>\n<\/div>\n\t\t<\/div>\r\n\t\t\t\t\t\t<\/div>\n\t\t\t\t<\/div>\n\t\t\t\t\t<\/div>\n\t\t<\/div>\n\t\t\t\t\t<\/div>\n\t\t<\/section>\n\t\t\t\t<section class=\"elementor-section elementor-top-section elementor-element elementor-element-bf7d11b elementor-section-boxed elementor-section-height-default elementor-section-height-default\" data-id=\"bf7d11b\" data-element_type=\"section\" data-e-type=\"section\" data-settings=\"{&quot;background_background&quot;:&quot;classic&quot;}\">\n\t\t\t\t\t\t<div class=\"elementor-container elementor-column-gap-default\">\n\t\t\t\t\t<div class=\"elementor-column elementor-col-100 elementor-top-column elementor-element elementor-element-b225ccd\" data-id=\"b225ccd\" data-element_type=\"column\" data-e-type=\"column\" data-settings=\"{&quot;background_background&quot;:&quot;classic&quot;}\">\n\t\t\t<div class=\"elementor-widget-wrap elementor-element-populated\">\n\t\t\t\t\t\t<div class=\"elementor-element elementor-element-9c04652 tt-view-stacked tt-shape-rounded tt-text-align-center tt-heading-fill-color elementor-widget elementor-widget-tt-heading\" data-id=\"9c04652\" data-element_type=\"widget\" data-e-type=\"widget\" data-widget_type=\"tt-heading.default\">\n\t\t\t\t<div class=\"elementor-widget-container\">\n\t\t\t\t\t\r\n\t\t<div class=\"section-heading style-one\">\r\n\r\n\t\t\t\t\t\t<!-- \/.icon-container -->\r\n\r\n\t\t\t\t\t\t\t<h3 class=\"subtitle\">\ud83d\ude80 Impulsa tu SEO hoy mismo<\/h3>\r\n\t\t\t\r\n\t\t\t<h2 class=\"section-title\">Inicie su prueba gratuita de 30 d\u00edas<\/h2>\r\n\t\t\t\t\t\t\t<div class=\"description\"><p>Descargue Boss SEO de forma gratuita y empiece a optimizar su sitio de WordPress en unos pocos clics.<\/p><\/div>\r\n\t\t\t\t\t<\/div>\r\n\r\n\t\t\t\t\t\t<\/div>\n\t\t\t\t<\/div>\n\t\t\t\t<div class=\"elementor-element elementor-element-b3d29b3 elementor-widget elementor-widget-tt-dual-button\" data-id=\"b3d29b3\" data-element_type=\"widget\" data-e-type=\"widget\" data-widget_type=\"tt-dual-button.default\">\n\t\t\t\t<div class=\"elementor-widget-container\">\n\t\t\t\t\t\r\n\t\t<div class=\"tt-button-container tt-inline\">\r\n\r\n\t\t\t\t\t\t\t<div class=\"tt-button-wrapper tt-button-primary\">\r\n\t\t\t\t\t<a href=\"\/es\/pongase-en-contacto-con\/\" class=\"tt-btn tt-btn-one btn-default btn-md\">\r\n\t\t\t\t\t\t<span class=\"tt-btn-content-wrapper\">\r\n\t\t\t\t\t\t\t\t\t\t\t\t\t\t<span class=\"tt-btn__text\">\ud83d\udce5 Descargar Gratis<\/span>\r\n\t\t\t\t\t\t<\/span>\r\n\t\t\t\t\t\t<!-- \/.tt-btn-content-wrapper -->\r\n\t\t\t\t\t<\/a>\r\n\t\t\t\t<\/div>\r\n\t\t\t\r\n\t\t\t\t\t\t\t<div class=\"tt-button-wrapper\">\r\n\t\t\t\t\t\t\t\t\t\t\t<a href=\"http:\/\/www.youtube.com\/watch?v=hAP2QF--2Dg\" class=\"play-button btn-fill\" rel=\"noopener\" target=\"_blank\">\r\n\t\t\t\t\t\t\t<i class=\"fas fa-play\"><\/i>C\u00f3mo funciona\r\n\t\t\t\t\t\t<\/a>\r\n\t\t\t\t\t\t\t\t\t<\/div>\r\n\t\t\t\t\t<\/div>\r\n\t\t<!-- \/.tt-btn-wrapper -->\r\n\t\t\t\t\t<\/div>\n\t\t\t\t<\/div>\n\t\t\t\t<div class=\"elementor-element elementor-element-305dd63 elementor-widget elementor-widget-tt-list\" data-id=\"305dd63\" data-element_type=\"widget\" data-e-type=\"widget\" data-widget_type=\"tt-list.default\">\n\t\t\t\t<div class=\"elementor-widget-container\">\n\t\t\t\t\t\t  <ul class=\"tt__list inline-items\">\r\n\t\t  \t\t\t<li class=\"list-item inline-item icon-shape\">\r\n\t\t\t\t\r\n\t\t\t\t  \t\t\t\t\t\t<i class=\"ei ei-icon_check\"><\/i>\r\n\t\t\t\t\t  \r\n\t\t\t\t<span class=\"list-text\">Prueba gratuita de 30 d\u00edas<\/span>\r\n\r\n\t\t\t\t  \t\t\t<\/li>\r\n\r\n\t\t  \t\t\t<li class=\"list-item inline-item icon-shape\">\r\n\t\t\t\t\r\n\t\t\t\t  \t\t\t\t\t\t<i class=\"ei ei-icon_check\"><\/i>\r\n\t\t\t\t\t  \r\n\t\t\t\t<span class=\"list-text\">No se necesita tarjeta de cr\u00e9dito<\/span>\r\n\r\n\t\t\t\t  \t\t\t<\/li>\r\n\r\n\t\t  \t\t\t<li class=\"list-item inline-item icon-shape\">\r\n\t\t\t\t\r\n\t\t\t\t  \t\t\t\t\t\t<i class=\"ei ei-icon_check\"><\/i>\r\n\t\t\t\t\t  \r\n\t\t\t\t<span class=\"list-text\">Asistencia 24 horas al d\u00eda, 7 d\u00edas a la semana<\/span>\r\n\r\n\t\t\t\t  \t\t\t<\/li>\r\n\r\n\t\t  \t  <\/ul>\r\n\t\t\t\t\t\t<\/div>\n\t\t\t\t<\/div>\n\t\t\t\t\t<\/div>\n\t\t<\/div>\n\t\t\t\t\t<\/div>\n\t\t<\/section>\n\t\t\t\t<\/div>","protected":false},"excerpt":{"rendered":"<p>Boostez vos ventes WooCommerce avec un SEO intelligent Boostez les ventes de votre boutique en ligne gr\u00e2ce au module SEO E-commerce de Boss SEO. Con\u00e7u sp\u00e9cialement pour WooCommerce, ce module optimise automatiquement vos fiches produits, g\u00e9n\u00e8re des flux Google Shopping et applique des sch\u00e9mas structur\u00e9s pour am\u00e9liorer votre r\u00e9f\u00e9rencement et vos conversions. Fonctionnalit\u00e9s SEO E-commerce [&hellip;]<\/p>","protected":false},"author":2,"featured_media":18344,"parent":0,"menu_order":0,"comment_status":"closed","ping_status":"closed","template":"elementor_header_footer","meta":{"_acf_changed":false,"footnotes":""},"class_list":["post-17491","page","type-page","status-publish","has-post-thumbnail","hentry"],"acf":[],"_links":{"self":[{"href":"https:\/\/bossseo.net\/es\/wp-json\/wp\/v2\/pages\/17491","targetHints":{"allow":["GET"]}}],"collection":[{"href":"https:\/\/bossseo.net\/es\/wp-json\/wp\/v2\/pages"}],"about":[{"href":"https:\/\/bossseo.net\/es\/wp-json\/wp\/v2\/types\/page"}],"author":[{"embeddable":true,"href":"https:\/\/bossseo.net\/es\/wp-json\/wp\/v2\/users\/2"}],"replies":[{"embeddable":true,"href":"https:\/\/bossseo.net\/es\/wp-json\/wp\/v2\/comments?post=17491"}],"version-history":[{"count":11,"href":"https:\/\/bossseo.net\/es\/wp-json\/wp\/v2\/pages\/17491\/revisions"}],"predecessor-version":[{"id":18373,"href":"https:\/\/bossseo.net\/es\/wp-json\/wp\/v2\/pages\/17491\/revisions\/18373"}],"wp:featuredmedia":[{"embeddable":true,"href":"https:\/\/bossseo.net\/es\/wp-json\/wp\/v2\/media\/18344"}],"wp:attachment":[{"href":"https:\/\/bossseo.net\/es\/wp-json\/wp\/v2\/media?parent=17491"}],"curies":[{"name":"wp","href":"https:\/\/api.w.org\/{rel}","templated":true}]}}