
{"id":3,"date":"2025-09-23T00:13:45","date_gmt":"2025-09-23T00:13:45","guid":{"rendered":"http:\/\/www.boss.quedulourd.com\/?page_id=3"},"modified":"2025-12-01T10:15:58","modified_gmt":"2025-12-01T10:15:58","slug":"politica-de-privacidad","status":"publish","type":"page","link":"https:\/\/bossseo.net\/es\/politica-de-privacidad\/","title":{"rendered":"Pol\u00edtica de privacidad - Boss SEO"},"content":{"rendered":"<h1 class=\"wp-block-heading\" data-start=\"189\" data-end=\"238\">\ud83d\udee1\ufe0f<\/h1>\r\n<p data-start=\"240\" data-end=\"284\"><strong data-start=\"240\" data-end=\"284\">\u00daltima actualizaci\u00f3n: [a\u00f1adir fecha].<\/strong><\/p>\r\n<p data-start=\"286\" data-end=\"546\">Esta pol\u00edtica de privacidad describe c\u00f3mo el plugin <strong data-start=\"352\" data-end=\"364\">Jefe SEO<\/strong> recoge, utiliza y protege la informaci\u00f3n cuando se utiliza en su sitio WordPress.<br data-start=\"458\" data-end=\"461\" \/>Al instalar o utilizar Boss SEO, acepta las pr\u00e1cticas que se describen a continuaci\u00f3n.<\/p>\r\n<hr data-start=\"548\" data-end=\"551\" \/>\r\n<h2 data-start=\"553\" data-end=\"599\"><strong data-start=\"556\" data-end=\"599\">1. Informaci\u00f3n recopilada por Boss SEO<\/strong><\/h2>\r\n<p data-start=\"601\" data-end=\"831\">Jefe SEO <strong data-start=\"610\" data-end=\"660\">no recoge datos personales sensibles<\/strong> sobre los visitantes de su sitio web.<br data-start=\"693\" data-end=\"696\" \/>Sin embargo, para funcionar correctamente, el plugin puede procesar cierta informaci\u00f3n t\u00e9cnica relacionada con el funcionamiento de WordPress.<\/p>\r\n<h3 data-start=\"833\" data-end=\"870\"><strong data-start=\"837\" data-end=\"870\">a) Datos t\u00e9cnicos del emplazamiento<\/strong><\/h3>\r\n<ul data-start=\"871\" data-end=\"1090\">\r\n<li data-start=\"871\" data-end=\"886\">\r\n<p data-start=\"873\" data-end=\"886\">URL del sitio<\/p>\r\n<\/li>\r\n<li data-start=\"887\" data-end=\"911\">\r\n<p data-start=\"889\" data-end=\"911\">Versi\u00f3n de WordPress<\/p>\r\n<\/li>\r\n<li data-start=\"912\" data-end=\"939\">\r\n<p data-start=\"914\" data-end=\"939\">Tema y plugins activos<\/p>\r\n<\/li>\r\n<li data-start=\"940\" data-end=\"980\">\r\n<p data-start=\"942\" data-end=\"980\">ID de p\u00e1gina, art\u00edculo y taxonom\u00eda<\/p>\r\n<\/li>\r\n<li data-start=\"981\" data-end=\"1024\">\r\n<p data-start=\"983\" data-end=\"1024\">Par\u00e1metros estructurales y rendimiento<\/p>\r\n<\/li>\r\n<li data-start=\"1025\" data-end=\"1090\">\r\n<p data-start=\"1027\" data-end=\"1090\">Informaci\u00f3n sobre velocidad, indexabilidad y errores t\u00e9cnicos<\/p>\r\n<\/li>\r\n<\/ul>\r\n<h3 data-start=\"1092\" data-end=\"1124\"><strong data-start=\"1096\" data-end=\"1124\">b) Datos SEO analizados<\/strong><\/h3>\r\n<ul data-start=\"1125\" data-end=\"1326\">\r\n<li data-start=\"1125\" data-end=\"1165\">\r\n<p data-start=\"1127\" data-end=\"1165\">T\u00edtulos, meta-descripciones y etiquetas<\/p>\r\n<\/li>\r\n<li data-start=\"1166\" data-end=\"1222\">\r\n<p data-start=\"1168\" data-end=\"1222\">Contenido de texto (para an\u00e1lisis y optimizaci\u00f3n SEO)<\/p>\r\n<\/li>\r\n<li data-start=\"1223\" data-end=\"1246\">\r\n<p data-start=\"1225\" data-end=\"1246\">Puntuaci\u00f3n SEO interna<\/p>\r\n<\/li>\r\n<li data-start=\"1247\" data-end=\"1281\">\r\n<p data-start=\"1249\" data-end=\"1281\">Datos estructurados existentes<\/p>\r\n<\/li>\r\n<li data-start=\"1282\" data-end=\"1326\">\r\n<p data-start=\"1284\" data-end=\"1326\">Problemas t\u00e9cnicos relacionados con la referenciaci\u00f3n<\/p>\r\n<\/li>\r\n<\/ul>\r\n<p data-start=\"1328\" data-end=\"1454\">\u27a1\ufe0f <strong data-start=\"1331\" data-end=\"1392\">Estos datos se almacenan exclusivamente en su sitio web<\/strong> y nunca son enviados a un servidor externo por Boss SEO.<\/p>\r\n<hr data-start=\"1456\" data-end=\"1459\" \/>\r\n<h2 data-start=\"1461\" data-end=\"1517\"><strong data-start=\"1464\" data-end=\"1517\">2. Uso opcional de IA (API externas)<\/strong><\/h2>\r\n<p data-start=\"1519\" data-end=\"1653\">Algunos m\u00f3dulos SEO de Boss permiten utilizar servicios de Inteligencia Artificial como <strong data-start=\"1615\" data-end=\"1641\">lo activas t\u00fa mismo<\/strong>, tal que :<\/p>\r\n<ul data-start=\"1655\" data-end=\"1800\">\r\n<li data-start=\"1655\" data-end=\"1696\">\r\n<p data-start=\"1657\" data-end=\"1696\">Generaci\u00f3n u optimizaci\u00f3n de contenidos<\/p>\r\n<\/li>\r\n<li data-start=\"1697\" data-end=\"1725\">\r\n<p data-start=\"1699\" data-end=\"1725\">Palabras clave sugeridas<\/p>\r\n<\/li>\r\n<li data-start=\"1726\" data-end=\"1754\">\r\n<p data-start=\"1728\" data-end=\"1754\">An\u00e1lisis avanzado de textos<\/p>\r\n<\/li>\r\n<li data-start=\"1755\" data-end=\"1800\">\r\n<p data-start=\"1757\" data-end=\"1800\">Creaci\u00f3n de im\u00e1genes AI (seg\u00fan su configuraci\u00f3n)<\/p>\r\n<\/li>\r\n<\/ul>\r\n<h3 data-start=\"1802\" data-end=\"1820\">Importante:<\/h3>\r\n<ul data-start=\"1821\" data-end=\"2124\">\r\n<li data-start=\"1821\" data-end=\"1881\">\r\n<p data-start=\"1823\" data-end=\"1881\">Jefe SEO <strong data-start=\"1832\" data-end=\"1878\">nunca env\u00eda datos autom\u00e1ticamente<\/strong>.<\/p>\r\n<\/li>\r\n<li data-start=\"1882\" data-end=\"1957\">\r\n<p data-start=\"1884\" data-end=\"1957\">Usted elige y configura sus propias API (OpenAI, Gemini, etc.).<\/p>\r\n<\/li>\r\n<li data-start=\"1958\" data-end=\"2056\">\r\n<p data-start=\"1960\" data-end=\"2056\">Los datos enviados dependen de la API que est\u00e9 utilizando (por ejemplo, extractos de texto para analizar).<\/p>\r\n<\/li>\r\n<li data-start=\"2057\" data-end=\"2124\">\r\n<p data-start=\"2059\" data-end=\"2124\">Boss SEO no almacena ning\u00fan dato fuera de su sitio web.<\/p>\r\n<\/li>\r\n<\/ul>\r\n<hr data-start=\"2126\" data-end=\"2129\" \/>\r\n<h2 data-start=\"2131\" data-end=\"2176\"><strong data-start=\"2134\" data-end=\"2176\">3. Google Analytics 4 y Search Console<\/strong><\/h2>\r\n<p data-start=\"2178\" data-end=\"2232\">Si conecta GA4 o Search Console a trav\u00e9s de Boss SEO :<\/p>\r\n<ul data-start=\"2234\" data-end=\"2432\">\r\n<li data-start=\"2234\" data-end=\"2313\">\r\n<p data-start=\"2236\" data-end=\"2313\">Los datos se muestran simplemente en el panel de control de WordPress.<\/p>\r\n<\/li>\r\n<li data-start=\"2314\" data-end=\"2367\">\r\n<p data-start=\"2316\" data-end=\"2367\">El plugin no almacena ni transmite ning\u00fan dato.<\/p>\r\n<\/li>\r\n<li data-start=\"2368\" data-end=\"2432\">\r\n<p data-start=\"2370\" data-end=\"2432\">Boss SEO act\u00faa \u00fanicamente como <strong data-start=\"2401\" data-end=\"2431\">interfaz de visualizaci\u00f3n<\/strong>.<\/p>\r\n<\/li>\r\n<\/ul>\r\n<hr data-start=\"2434\" data-end=\"2437\" \/>\r\n<h2 data-start=\"2439\" data-end=\"2456\"><strong data-start=\"2442\" data-end=\"2456\">4. Cookies<\/strong><\/h2>\r\n<p data-start=\"2458\" data-end=\"2535\">Jefe SEO <strong data-start=\"2467\" data-end=\"2493\">no utiliza cookies<\/strong> y no a\u00f1ade ning\u00fan rastreador a su sitio.<\/p>\r\n<hr data-start=\"2537\" data-end=\"2540\" \/>\r\n<h2 data-start=\"2542\" data-end=\"2582\"><strong data-start=\"2545\" data-end=\"2582\">5. Generaci\u00f3n de informes SEO en PDF<\/strong><\/h2>\r\n<p data-start=\"2584\" data-end=\"2626\">Al crear un informe SEO en PDF :<\/p>\r\n<ul data-start=\"2628\" data-end=\"2779\">\r\n<li data-start=\"2628\" data-end=\"2684\">\r\n<p data-start=\"2630\" data-end=\"2684\">Los datos proceden exclusivamente de su sitio web.<\/p>\r\n<\/li>\r\n<li data-start=\"2685\" data-end=\"2722\">\r\n<p data-start=\"2687\" data-end=\"2722\">El informe se genera localmente.<\/p>\r\n<\/li>\r\n<li data-start=\"2723\" data-end=\"2779\">\r\n<p data-start=\"2725\" data-end=\"2779\">No se env\u00eda ninguna informaci\u00f3n a un servidor externo.<\/p>\r\n<\/li>\r\n<\/ul>\r\n<hr data-start=\"2781\" data-end=\"2784\" \/>\r\n<h2 data-start=\"2786\" data-end=\"2804\"><strong data-start=\"2789\" data-end=\"2804\">6. Seguridad<\/strong><\/h2>\r\n<p data-start=\"2806\" data-end=\"2853\">Boss SEO incluye varias medidas de seguridad:<\/p>\r\n<ul data-start=\"2855\" data-end=\"3029\">\r\n<li data-start=\"2855\" data-end=\"2889\">\r\n<p data-start=\"2857\" data-end=\"2889\">Sin base de datos externa<\/p>\r\n<\/li>\r\n<li data-start=\"2890\" data-end=\"2933\">\r\n<p data-start=\"2892\" data-end=\"2933\">No se almacenan datos personales<\/p>\r\n<\/li>\r\n<li data-start=\"2934\" data-end=\"2970\">\r\n<p data-start=\"2936\" data-end=\"2970\">Tratamiento local de datos SEO<\/p>\r\n<\/li>\r\n<li data-start=\"2971\" data-end=\"3029\">\r\n<p data-start=\"2973\" data-end=\"3029\">Cumplimiento de los permisos de WordPress (capacidades \/ funciones)<\/p>\r\n<\/li>\r\n<\/ul>\r\n<p data-start=\"3031\" data-end=\"3153\">Al eliminar el plugin, toda la funcionalidad cesa inmediatamente y no se almacena ning\u00fan dato adicional.<\/p>\r\n<hr data-start=\"3155\" data-end=\"3158\" \/>\r\n<h2 data-start=\"3160\" data-end=\"3187\"><strong data-start=\"3163\" data-end=\"3187\">7. Sus derechos (RGPD)<\/strong><\/h2>\r\n<p data-start=\"3189\" data-end=\"3234\">En particular, tiene los siguientes derechos:<\/p>\r\n<ul data-start=\"3236\" data-end=\"3405\">\r\n<li data-start=\"3236\" data-end=\"3253\">\r\n<p data-start=\"3238\" data-end=\"3253\">Derecho de acceso<\/p>\r\n<\/li>\r\n<li data-start=\"3254\" data-end=\"3280\">\r\n<p data-start=\"3256\" data-end=\"3280\">Derecho de rectificaci\u00f3n<\/p>\r\n<\/li>\r\n<li data-start=\"3281\" data-end=\"3303\">\r\n<p data-start=\"3283\" data-end=\"3303\">Derecho de oposici\u00f3n<\/p>\r\n<\/li>\r\n<li data-start=\"3304\" data-end=\"3356\">\r\n<p data-start=\"3306\" data-end=\"3356\">Derecho a eliminar el plugin y los m\u00f3dulos IA<\/p>\r\n<\/li>\r\n<li data-start=\"3357\" data-end=\"3405\">\r\n<p data-start=\"3359\" data-end=\"3405\">Derecho a desactivar sus claves API en cualquier momento<\/p>\r\n<\/li>\r\n<\/ul>\r\n<p data-start=\"3407\" data-end=\"3467\">No se conserva ning\u00fan dato si desinstalas Boss SEO.<\/p>\r\n<hr data-start=\"3469\" data-end=\"3472\" \/>\r\n<h2 data-start=\"3474\" data-end=\"3491\"><strong data-start=\"3477\" data-end=\"3491\">8. Contacto<\/strong><\/h2>\r\n<p data-start=\"3493\" data-end=\"3560\">Si tiene alguna pregunta sobre esta pol\u00edtica de privacidad :<\/p>\r\n<p data-start=\"3562\" data-end=\"3648\">\ud83d\udce9 <strong data-start=\"3565\" data-end=\"3588\"><a class=\"decorated-link cursor-pointer\" rel=\"noopener\" data-start=\"3567\" data-end=\"3586\">support@bossseo.net<\/a><\/strong><br data-start=\"3588\" data-end=\"3591\" \/>\ud83c\udf10 <strong data-start=\"3594\" data-end=\"3613\"><a class=\"decorated-link cursor-pointer\" target=\"_new\" rel=\"noopener\" data-start=\"3596\" data-end=\"3611\">www.bossseo.net<\/a><\/strong><\/p>\r\n<hr data-start=\"3650\" data-end=\"3653\" \/>\r\n<h1 data-start=\"3655\" data-end=\"3676\">\ud83d\udd12 <strong data-start=\"3660\" data-end=\"3676\">Breve resumen<\/strong><\/h1>\r\n<p data-start=\"3677\" data-end=\"3895\">Boss SEO no recopila datos personales, no instala cookies, no transmite nada autom\u00e1ticamente y funciona totalmente en su sitio web.<br data-start=\"3825\" data-end=\"3828\" \/>Los servicios de IA s\u00f3lo se utilizan si los activa usted mismo.<\/p>","protected":false},"excerpt":{"rendered":"<p>\ud83d\udee1\ufe0f Derni\u00e8re mise \u00e0 jour : [ajouter la date] La pr\u00e9sente politique de confidentialit\u00e9 d\u00e9crit comment le plugin Boss SEO collecte, utilise et prot\u00e8ge les informations lorsqu&rsquo;il est utilis\u00e9 sur votre site WordPress.En installant ou utilisant Boss SEO, vous acceptez les pratiques d\u00e9crites ci-dessous. 1. Informations collect\u00e9es par Boss SEO Boss SEO ne collecte aucune [&hellip;]<\/p>","protected":false},"author":1,"featured_media":0,"parent":0,"menu_order":0,"comment_status":"closed","ping_status":"open","template":"","meta":{"_acf_changed":false,"footnotes":""},"class_list":["post-3","page","type-page","status-publish","hentry"],"acf":[],"_links":{"self":[{"href":"https:\/\/bossseo.net\/es\/wp-json\/wp\/v2\/pages\/3","targetHints":{"allow":["GET"]}}],"collection":[{"href":"https:\/\/bossseo.net\/es\/wp-json\/wp\/v2\/pages"}],"about":[{"href":"https:\/\/bossseo.net\/es\/wp-json\/wp\/v2\/types\/page"}],"author":[{"embeddable":true,"href":"https:\/\/bossseo.net\/es\/wp-json\/wp\/v2\/users\/1"}],"replies":[{"embeddable":true,"href":"https:\/\/bossseo.net\/es\/wp-json\/wp\/v2\/comments?post=3"}],"version-history":[{"count":2,"href":"https:\/\/bossseo.net\/es\/wp-json\/wp\/v2\/pages\/3\/revisions"}],"predecessor-version":[{"id":18405,"href":"https:\/\/bossseo.net\/es\/wp-json\/wp\/v2\/pages\/3\/revisions\/18405"}],"wp:attachment":[{"href":"https:\/\/bossseo.net\/es\/wp-json\/wp\/v2\/media?parent=3"}],"curies":[{"name":"wp","href":"https:\/\/api.w.org\/{rel}","templated":true}]}}