
{"id":3154,"date":"2021-11-16T13:27:16","date_gmt":"2021-11-16T13:27:16","guid":{"rendered":"https:\/\/quiety-wp.themetags.com\/?page_id=3154"},"modified":"2021-11-16T13:27:16","modified_gmt":"2021-11-16T13:27:16","slug":"carrera","status":"publish","type":"page","link":"https:\/\/bossseo.net\/es\/carrera\/","title":{"rendered":"Carrera profesional"},"content":{"rendered":"<div data-elementor-type=\"wp-page\" data-elementor-id=\"3154\" class=\"elementor elementor-3154\">\n\t\t\t\t\t\t<section class=\"elementor-section elementor-top-section elementor-element elementor-element-4a18325 elementor-section-boxed elementor-section-height-default elementor-section-height-default\" data-id=\"4a18325\" data-element_type=\"section\" data-e-type=\"section\">\n\t\t\t\t\t\t<div class=\"elementor-container elementor-column-gap-default\">\n\t\t\t\t\t<div class=\"elementor-column elementor-col-100 elementor-top-column elementor-element elementor-element-11ea363\" data-id=\"11ea363\" data-element_type=\"column\" data-e-type=\"column\">\n\t\t\t<div class=\"elementor-widget-wrap elementor-element-populated\">\n\t\t\t\t\t\t<section class=\"elementor-section elementor-inner-section elementor-element elementor-element-54804a1 elementor-section-content-middle elementor-section-boxed elementor-section-height-default elementor-section-height-default\" data-id=\"54804a1\" data-element_type=\"section\" data-e-type=\"section\">\n\t\t\t\t\t\t<div class=\"elementor-container elementor-column-gap-default\">\n\t\t\t\t\t<div class=\"elementor-column elementor-col-50 elementor-inner-column elementor-element elementor-element-438fb40\" data-id=\"438fb40\" data-element_type=\"column\" data-e-type=\"column\">\n\t\t\t<div class=\"elementor-widget-wrap elementor-element-populated\">\n\t\t\t\t\t\t<div class=\"elementor-element elementor-element-1c51463 tt-text-align-left tt-text-align-center tt-view-stacked tt-shape-rounded tt-heading-fill-color elementor-widget elementor-widget-tt-heading\" data-id=\"1c51463\" data-element_type=\"widget\" data-e-type=\"widget\" data-widget_type=\"tt-heading.default\">\n\t\t\t\t<div class=\"elementor-widget-container\">\n\t\t\t\t\t\r\n\t\t<div class=\"section-heading style-one\">\r\n\r\n\t\t\t\t\t\t<!-- \/.icon-container -->\r\n\r\n\t\t\t\t\t\t\t<h3 class=\"subtitle\">Nuestros empleos<\/h3>\r\n\t\t\t\r\n\t\t\t<h2 class=\"section-title\">Puestos disponibles actualmente en Quiety<\/h2>\r\n\t\t\t\t\t<\/div>\r\n\r\n\t\t\t\t\t\t<\/div>\n\t\t\t\t<\/div>\n\t\t\t\t\t<\/div>\n\t\t<\/div>\n\t\t\t\t<div class=\"elementor-column elementor-col-50 elementor-inner-column elementor-element elementor-element-961b6b0\" data-id=\"961b6b0\" data-element_type=\"column\" data-e-type=\"column\">\n\t\t\t<div class=\"elementor-widget-wrap elementor-element-populated\">\n\t\t\t\t\t\t<div class=\"elementor-element elementor-element-62d0abb elementor-widget elementor-widget-text-editor\" data-id=\"62d0abb\" data-element_type=\"widget\" data-e-type=\"widget\" data-widget_type=\"text-editor.default\">\n\t\t\t\t\t\t\t\t\t<p>Desintermediar fosfluorescentemente paradigmas revolucionarios ante interfaces habilitadas. Transici\u00f3n din\u00e1mica de las competencias frente al servicio virtual al cliente mediante asociaciones impactantes con paradigmas t\u00e9cnicamente s\u00f3lidos con iniciativas de vanguardia.<\/p>\t\t\t\t\t\t\t\t<\/div>\n\t\t\t\t\t<\/div>\n\t\t<\/div>\n\t\t\t\t\t<\/div>\n\t\t<\/section>\n\t\t\t\t<div class=\"elementor-element elementor-element-963d548 elementor-widget elementor-widget-tt-job-box\" data-id=\"963d548\" data-element_type=\"widget\" data-e-type=\"widget\" data-widget_type=\"tt-job-box.default\">\n\t\t\t\t<div class=\"elementor-widget-container\">\n\t\t\t\t\t<div class=\"tt-job-post-wrapper\">\r\n    <div class=\"row\">\r\n\r\n            <\/div>\r\n<\/div>\r\n\t\t\r\n\t\t<!-- \/.tt-job-post-wrapper -->\r\n\r\n\t\t\t\t\t<\/div>\n\t\t\t\t<\/div>\n\t\t\t\t\t<\/div>\n\t\t<\/div>\n\t\t\t\t\t<\/div>\n\t\t<\/section>\n\t\t\t\t<section class=\"elementor-section elementor-top-section elementor-element elementor-element-de55458 elementor-section-boxed elementor-section-height-default elementor-section-height-default\" data-id=\"de55458\" data-element_type=\"section\" data-e-type=\"section\" data-settings=\"{&quot;background_background&quot;:&quot;classic&quot;}\">\n\t\t\t\t\t\t<div class=\"elementor-container elementor-column-gap-default\">\n\t\t\t\t\t<div class=\"elementor-column elementor-col-100 elementor-top-column elementor-element elementor-element-5adeb24\" data-id=\"5adeb24\" data-element_type=\"column\" data-e-type=\"column\">\n\t\t\t<div class=\"elementor-widget-wrap elementor-element-populated\">\n\t\t\t\t\t\t<div class=\"elementor-element elementor-element-c8e1689 tt-view-stacked tt-shape-rounded tt-text-align-center tt-heading-fill-color elementor-widget elementor-widget-tt-heading\" data-id=\"c8e1689\" data-element_type=\"widget\" data-e-type=\"widget\" data-widget_type=\"tt-heading.default\">\n\t\t\t\t<div class=\"elementor-widget-container\">\n\t\t\t\t\t\r\n\t\t<div class=\"section-heading style-one\">\r\n\r\n\t\t\t\t\t\t<!-- \/.icon-container -->\r\n\r\n\t\t\t\t\t\t\t<h3 class=\"subtitle\">Por qu\u00e9 unirse a nosotros<\/h3>\r\n\t\t\t\r\n\t\t\t<h2 class=\"section-title\">Gran ambiente de trabajo<\/h2>\r\n\t\t\t\t\t\t\t<div class=\"description\">Paradigmas revolucionarios antes de que las interfaces permitieran transiciones t\u00e9cnicas din\u00e1micas <br>paradigmas s\u00f3lidos con iniciativas de vanguardia.<\/div>\r\n\t\t\t\t\t<\/div>\r\n\r\n\t\t\t\t\t\t<\/div>\n\t\t\t\t<\/div>\n\t\t\t\t<section class=\"elementor-section elementor-inner-section elementor-element elementor-element-c6b77ed elementor-section-boxed elementor-section-height-default elementor-section-height-default\" data-id=\"c6b77ed\" data-element_type=\"section\" data-e-type=\"section\">\n\t\t\t\t\t\t<div class=\"elementor-container elementor-column-gap-default\">\n\t\t\t\t\t<div class=\"elementor-column elementor-col-50 elementor-inner-column elementor-element elementor-element-640fec9\" data-id=\"640fec9\" data-element_type=\"column\" data-e-type=\"column\">\n\t\t\t<div class=\"elementor-widget-wrap elementor-element-populated\">\n\t\t\t\t\t\t<div class=\"elementor-element elementor-element-ef7f645 tt-view-none tt-equal-height-disable elementor-widget elementor-widget-tt-icon-box\" data-id=\"ef7f645\" data-element_type=\"widget\" data-e-type=\"widget\" data-widget_type=\"tt-icon-box.default\">\n\t\t\t\t<div class=\"elementor-widget-container\">\n\t\t\t\t\t<div class=\"tt-icon-box align-items-top icon--left\">\r\n\r\n                        <div class=\"tt-icon-box__icon-container\">\r\n                                    <svg aria-hidden=\"true\" class=\"e-font-icon-svg e-fas-house-user\" viewbox=\"0 0 576 512\" xmlns=\"http:\/\/www.w3.org\/2000\/svg\"><path d=\"M570.69,236.27,512,184.44V48a16,16,0,0,0-16-16H432a16,16,0,0,0-16,16V99.67L314.78,10.3C308.5,4.61,296.53,0,288,0s-20.46,4.61-26.74,10.3l-256,226A18.27,18.27,0,0,0,0,248.2a18.64,18.64,0,0,0,4.09,10.71L25.5,282.7a21.14,21.14,0,0,0,12,5.3,21.67,21.67,0,0,0,10.69-4.11l15.9-14V480a32,32,0,0,0,32,32H480a32,32,0,0,0,32-32V269.88l15.91,14A21.94,21.94,0,0,0,538.63,288a20.89,20.89,0,0,0,11.87-5.31l21.41-23.81A21.64,21.64,0,0,0,576,248.19,21,21,0,0,0,570.69,236.27ZM288,176a64,64,0,1,1-64,64A64,64,0,0,1,288,176ZM400,448H176a16,16,0,0,1-16-16,96,96,0,0,1,96-96h64a96,96,0,0,1,96,96A16,16,0,0,1,400,448Z\"><\/path><\/svg>                            <\/div>\r\n            \r\n        <!-- \/.icon-container -->\r\n\r\n    <div class=\"tt-icon-box__content\">\r\n\r\n        <h3 class=\"tt-icon-box__title\">Trabajo a distancia<\/h3>\r\n                    <p class=\"tt-icon-box__description\">\r\n                Sindicar de forma cre\u00edble la vinculaci\u00f3n total de la empresa mientras que los datos rentables innovar el estado de la t\u00e9cnica.            <\/p>\r\n        \r\n            <\/div>\r\n\r\n    <\/div>\r\n<!-- \/.tt-icon-box -->\t\t\t\t<\/div>\n\t\t\t\t<\/div>\n\t\t\t\t\t<\/div>\n\t\t<\/div>\n\t\t\t\t<div class=\"elementor-column elementor-col-50 elementor-inner-column elementor-element elementor-element-a29b620\" data-id=\"a29b620\" data-element_type=\"column\" data-e-type=\"column\">\n\t\t\t<div class=\"elementor-widget-wrap elementor-element-populated\">\n\t\t\t\t\t\t<div class=\"elementor-element elementor-element-cae9d34 tt-view-none tt-equal-height-disable elementor-widget elementor-widget-tt-icon-box\" data-id=\"cae9d34\" data-element_type=\"widget\" data-e-type=\"widget\" data-widget_type=\"tt-icon-box.default\">\n\t\t\t\t<div class=\"elementor-widget-container\">\n\t\t\t\t\t<div class=\"tt-icon-box align-items-top icon--left\">\r\n\r\n                        <div class=\"tt-icon-box__icon-container\">\r\n                                    <svg aria-hidden=\"true\" class=\"e-font-icon-svg e-fas-clock\" viewbox=\"0 0 512 512\" xmlns=\"http:\/\/www.w3.org\/2000\/svg\"><path d=\"M256,8C119,8,8,119,8,256S119,504,256,504,504,393,504,256,393,8,256,8Zm92.49,313h0l-20,25a16,16,0,0,1-22.49,2.5h0l-67-49.72a40,40,0,0,1-15-31.23V112a16,16,0,0,1,16-16h32a16,16,0,0,1,16,16V256l58,42.5A16,16,0,0,1,348.49,321Z\"><\/path><\/svg>                            <\/div>\r\n            \r\n        <!-- \/.icon-container -->\r\n\r\n    <div class=\"tt-icon-box__content\">\r\n\r\n        <h3 class=\"tt-icon-box__title\">Horario flexible<\/h3>\r\n                    <p class=\"tt-icon-box__description\">\r\n                Sindicar de forma cre\u00edble la vinculaci\u00f3n total de la empresa mientras que los datos rentables innovar el estado de la t\u00e9cnica.            <\/p>\r\n        \r\n            <\/div>\r\n\r\n    <\/div>\r\n<!-- \/.tt-icon-box -->\t\t\t\t<\/div>\n\t\t\t\t<\/div>\n\t\t\t\t\t<\/div>\n\t\t<\/div>\n\t\t\t\t\t<\/div>\n\t\t<\/section>\n\t\t\t\t<section class=\"elementor-section elementor-inner-section elementor-element elementor-element-be7aa8d elementor-section-boxed elementor-section-height-default elementor-section-height-default\" data-id=\"be7aa8d\" data-element_type=\"section\" data-e-type=\"section\">\n\t\t\t\t\t\t<div class=\"elementor-container elementor-column-gap-default\">\n\t\t\t\t\t<div class=\"elementor-column elementor-col-50 elementor-inner-column elementor-element elementor-element-853b291\" data-id=\"853b291\" data-element_type=\"column\" data-e-type=\"column\">\n\t\t\t<div class=\"elementor-widget-wrap elementor-element-populated\">\n\t\t\t\t\t\t<div class=\"elementor-element elementor-element-3073821 tt-view-none tt-equal-height-disable elementor-widget elementor-widget-tt-icon-box\" data-id=\"3073821\" data-element_type=\"widget\" data-e-type=\"widget\" data-widget_type=\"tt-icon-box.default\">\n\t\t\t\t<div class=\"elementor-widget-container\">\n\t\t\t\t\t<div class=\"tt-icon-box align-items-top icon--left\">\r\n\r\n                        <div class=\"tt-icon-box__icon-container\">\r\n                                    <svg aria-hidden=\"true\" class=\"e-font-icon-svg e-fas-user-friends\" viewbox=\"0 0 640 512\" xmlns=\"http:\/\/www.w3.org\/2000\/svg\"><path d=\"M192 256c61.9 0 112-50.1 112-112S253.9 32 192 32 80 82.1 80 144s50.1 112 112 112zm76.8 32h-8.3c-20.8 10-43.9 16-68.5 16s-47.6-6-68.5-16h-8.3C51.6 288 0 339.6 0 403.2V432c0 26.5 21.5 48 48 48h288c26.5 0 48-21.5 48-48v-28.8c0-63.6-51.6-115.2-115.2-115.2zM480 256c53 0 96-43 96-96s-43-96-96-96-96 43-96 96 43 96 96 96zm48 32h-3.8c-13.9 4.8-28.6 8-44.2 8s-30.3-3.2-44.2-8H432c-20.4 0-39.2 5.9-55.7 15.4 24.4 26.3 39.7 61.2 39.7 99.8v38.4c0 2.2-.5 4.3-.6 6.4H592c26.5 0 48-21.5 48-48 0-61.9-50.1-112-112-112z\"><\/path><\/svg>                            <\/div>\r\n            \r\n        <!-- \/.icon-container -->\r\n\r\n    <div class=\"tt-icon-box__content\">\r\n\r\n        <h3 class=\"tt-icon-box__title\">Un equipo amable y cualificado<\/h3>\r\n                    <p class=\"tt-icon-box__description\">\r\n                Sindicar de forma cre\u00edble la vinculaci\u00f3n total de la empresa mientras que los datos rentables innovar el estado de la t\u00e9cnica.            <\/p>\r\n        \r\n            <\/div>\r\n\r\n    <\/div>\r\n<!-- \/.tt-icon-box -->\t\t\t\t<\/div>\n\t\t\t\t<\/div>\n\t\t\t\t\t<\/div>\n\t\t<\/div>\n\t\t\t\t<div class=\"elementor-column elementor-col-50 elementor-inner-column elementor-element elementor-element-9c878a5\" data-id=\"9c878a5\" data-element_type=\"column\" data-e-type=\"column\">\n\t\t\t<div class=\"elementor-widget-wrap elementor-element-populated\">\n\t\t\t\t\t\t<div class=\"elementor-element elementor-element-cded8cc tt-view-none tt-equal-height-disable elementor-widget elementor-widget-tt-icon-box\" data-id=\"cded8cc\" data-element_type=\"widget\" data-e-type=\"widget\" data-widget_type=\"tt-icon-box.default\">\n\t\t\t\t<div class=\"elementor-widget-container\">\n\t\t\t\t\t<div class=\"tt-icon-box align-items-top icon--left\">\r\n\r\n                        <div class=\"tt-icon-box__icon-container\">\r\n                                    <svg aria-hidden=\"true\" class=\"e-font-icon-svg e-fas-briefcase-medical\" viewbox=\"0 0 512 512\" xmlns=\"http:\/\/www.w3.org\/2000\/svg\"><path d=\"M464 128h-80V80c0-26.5-21.5-48-48-48H176c-26.5 0-48 21.5-48 48v48H48c-26.5 0-48 21.5-48 48v288c0 26.5 21.5 48 48 48h416c26.5 0 48-21.5 48-48V176c0-26.5-21.5-48-48-48zM192 96h128v32H192V96zm160 248c0 4.4-3.6 8-8 8h-56v56c0 4.4-3.6 8-8 8h-48c-4.4 0-8-3.6-8-8v-56h-56c-4.4 0-8-3.6-8-8v-48c0-4.4 3.6-8 8-8h56v-56c0-4.4 3.6-8 8-8h48c4.4 0 8 3.6 8 8v56h56c4.4 0 8 3.6 8 8v48z\"><\/path><\/svg>                            <\/div>\r\n            \r\n        <!-- \/.icon-container -->\r\n\r\n    <div class=\"tt-icon-box__content\">\r\n\r\n        <h3 class=\"tt-icon-box__title\">Seguros m\u00e9dicos<\/h3>\r\n                    <p class=\"tt-icon-box__description\">\r\n                Sindicar de forma cre\u00edble la vinculaci\u00f3n total de la empresa mientras que los datos rentables innovar el estado de la t\u00e9cnica.            <\/p>\r\n        \r\n            <\/div>\r\n\r\n    <\/div>\r\n<!-- \/.tt-icon-box -->\t\t\t\t<\/div>\n\t\t\t\t<\/div>\n\t\t\t\t\t<\/div>\n\t\t<\/div>\n\t\t\t\t\t<\/div>\n\t\t<\/section>\n\t\t\t\t\t<\/div>\n\t\t<\/div>\n\t\t\t\t\t<\/div>\n\t\t<\/section>\n\t\t\t\t<\/div>","protected":false},"excerpt":{"rendered":"<p>Our Jobs Current Available Positions at Quiety Phosfluorescently disintermediate revolutionary paradigms before enabled interfaces. Dynamically transition skills vis-a-vis virtual customer service via impactful partnerships with technically sound paradigms with cutting-edge initiatives. Remote &#8211; Full Time Jr Frontend Developer Google London, UK $35k &#8211; $45k Developer Apply Now Remote &#8211; Full Time UI\/UX and Product Designer [&hellip;]<\/p>","protected":false},"author":1,"featured_media":0,"parent":0,"menu_order":0,"comment_status":"closed","ping_status":"closed","template":"elementor_header_footer","meta":{"_acf_changed":false,"footnotes":""},"class_list":["post-3154","page","type-page","status-publish","hentry"],"acf":[],"_links":{"self":[{"href":"https:\/\/bossseo.net\/es\/wp-json\/wp\/v2\/pages\/3154","targetHints":{"allow":["GET"]}}],"collection":[{"href":"https:\/\/bossseo.net\/es\/wp-json\/wp\/v2\/pages"}],"about":[{"href":"https:\/\/bossseo.net\/es\/wp-json\/wp\/v2\/types\/page"}],"author":[{"embeddable":true,"href":"https:\/\/bossseo.net\/es\/wp-json\/wp\/v2\/users\/1"}],"replies":[{"embeddable":true,"href":"https:\/\/bossseo.net\/es\/wp-json\/wp\/v2\/comments?post=3154"}],"version-history":[{"count":0,"href":"https:\/\/bossseo.net\/es\/wp-json\/wp\/v2\/pages\/3154\/revisions"}],"wp:attachment":[{"href":"https:\/\/bossseo.net\/es\/wp-json\/wp\/v2\/media?parent=3154"}],"curies":[{"name":"wp","href":"https:\/\/api.w.org\/{rel}","templated":true}]}}